{"id":1004,"date":"2020-10-09T13:39:05","date_gmt":"2020-10-09T13:39:05","guid":{"rendered":"http:\/\/shoptimizer.local\/?page_id=848"},"modified":"2026-03-03T12:57:35","modified_gmt":"2026-03-03T12:57:35","slug":"about","status":"publish","type":"page","link":"https:\/\/plmaszyny.com\/en\/about\/","title":{"rendered":"About"},"content":{"rendered":"<div data-elementor-type=\"wp-post\" data-elementor-id=\"1004\" class=\"elementor elementor-1004\">\n\t\t\t\t\t\t<section class=\"elementor-section elementor-top-section elementor-element elementor-element-28d7a9a8 elementor-section-stretched elementor-section-boxed elementor-section-height-default elementor-section-height-default\" data-id=\"28d7a9a8\" data-element_type=\"section\" data-settings=\"{&quot;stretch_section&quot;:&quot;section-stretched&quot;,&quot;background_background&quot;:&quot;classic&quot;}\">\n\t\t\t\t\t\t<div class=\"elementor-container elementor-column-gap-no\">\n\t\t\t\t\t<div class=\"elementor-column elementor-col-100 elementor-top-column elementor-element elementor-element-585bfc6d\" data-id=\"585bfc6d\" data-element_type=\"column\">\n\t\t\t<div class=\"elementor-widget-wrap elementor-element-populated\">\n\t\t\t\t\t\t<section class=\"elementor-section elementor-inner-section elementor-element elementor-element-35cbf0ea elementor-section-boxed elementor-section-height-default elementor-section-height-default\" data-id=\"35cbf0ea\" data-element_type=\"section\">\n\t\t\t\t\t\t<div class=\"elementor-container elementor-column-gap-default\">\n\t\t\t\t\t<div class=\"elementor-column elementor-col-50 elementor-inner-column elementor-element elementor-element-26a1609a\" data-id=\"26a1609a\" data-element_type=\"column\">\n\t\t\t<div class=\"elementor-widget-wrap elementor-element-populated\">\n\t\t\t\t\t\t<div class=\"elementor-element elementor-element-64a60170 elementor-invisible elementor-widget elementor-widget-heading\" data-id=\"64a60170\" data-element_type=\"widget\" data-settings=\"{&quot;_animation&quot;:&quot;fadeInUp&quot;}\" data-widget_type=\"heading.default\">\n\t\t\t\t\t<h1 class=\"elementor-heading-title elementor-size-default\">O nas<\/h1>\t\t\t\t<\/div>\n\t\t\t\t<div class=\"elementor-element elementor-element-3a6d1332 elementor-invisible elementor-widget elementor-widget-heading\" data-id=\"3a6d1332\" data-element_type=\"widget\" data-settings=\"{&quot;_animation&quot;:&quot;fadeInDown&quot;}\" data-widget_type=\"heading.default\">\n\t\t\t\t\t<h2 class=\"elementor-heading-title elementor-size-default\">aby Twoje zakupy by\u0142y proste, bezpieczne i przyjemne.<\/h2>\t\t\t\t<\/div>\n\t\t\t\t\t<\/div>\n\t\t<\/div>\n\t\t\t\t<div class=\"elementor-column elementor-col-50 elementor-inner-column elementor-element elementor-element-bf6295e\" data-id=\"bf6295e\" data-element_type=\"column\">\n\t\t\t<div class=\"elementor-widget-wrap\">\n\t\t\t\t\t\t\t<\/div>\n\t\t<\/div>\n\t\t\t\t\t<\/div>\n\t\t<\/section>\n\t\t\t\t\t<\/div>\n\t\t<\/div>\n\t\t\t\t\t<\/div>\n\t\t<\/section>\n\t\t<div class=\"elementor-element elementor-element-3a27ebf e-grid e-con-boxed e-con e-parent\" data-id=\"3a27ebf\" data-element_type=\"container\">\n\t\t\t\t\t<div class=\"e-con-inner\">\n\t\t\t\t<div class=\"elementor-element elementor-element-7d125c7 elementor-widget elementor-widget-heading\" data-id=\"7d125c7\" data-element_type=\"widget\" data-widget_type=\"heading.default\">\n\t\t\t\t\t<h2 class=\"elementor-heading-title elementor-size-default\">O nas\u200b<\/h2>\t\t\t\t<\/div>\n\t\t\t\t\t<\/div>\n\t\t\t\t<\/div>\n\t\t<div class=\"elementor-element elementor-element-0a57dec e-con-full e-flex e-con e-parent\" data-id=\"0a57dec\" data-element_type=\"container\">\n\t\t\t\t<div class=\"elementor-element elementor-element-2b29ba5 elementor-widget elementor-widget-text-editor\" data-id=\"2b29ba5\" data-element_type=\"widget\" data-widget_type=\"text-editor.default\">\n\t\t\t\t\t\t\t\t\t<p>Polskie Maszyny to renomowany dystrybutor traktor\u00f3w i minici\u0105gnik\u00f3w w Polsce Wschodniej. Dzi\u0119ki 15-letniemu do\u015bwiadczeniu na rynku, firma oferuje najwi\u0119kszy wyb\u00f3r nowych i u\u017cywanych traktor\u00f3w wiod\u0105cych marek, takich jak Kubota, Iseki i Yanmar.<\/p><p>W Centrum Wystawienniczym Taj\u0119cina (ko\u0142o Jasionki) mo\u017cna obejrze\u0107 trzysta minici\u0105gnik\u00f3w. Polskie Maszyny oferuj\u0105 r\u00f3wnie\u017c szeroki asortyment osprz\u0119tu, w tym kosiarki, glebogryzarki, p\u0142ugi, \u0142adowacze czo\u0142owe, r\u0119baki i wiele innych. Nasz sprz\u0119t doskonale odpowiada potrzebom szk\u00f3\u0142ek, winnic, plantacji, ogrod\u00f3w i gmin.<\/p><p>Od pocz\u0105tku istnienia firmy nasz\u0105 misj\u0105 jest dostarczanie najwy\u017cszej jako\u015bci sprz\u0119tu rolniczego, zaspokajaj\u0105cego potrzeby zar\u00f3wno ma\u0142ych, jak i du\u017cych gospodarstw rolnych.<\/p><p>Pocz\u0105tki firmy<br \/>Firma Polskie Maszyny zosta\u0142a za\u0142o\u017cona w 2009 roku przez pasjonat\u00f3w rolnictwa i techniki rolniczej. Od samego pocz\u0105tku stawiali\u015bmy na jako\u015b\u0107 i innowacyjno\u015b\u0107, importuj\u0105c na polski rynek pierwsze japo\u0144skie minici\u0105gniki, kt\u00f3re szybko zyska\u0142y uznanie rolnik\u00f3w swoj\u0105 niezawodno\u015bci\u0105 i wszechstronno\u015bci\u0105.<\/p><p>Rozw\u00f3j i Ekspansja<br \/>W kolejnych latach firma dynamicznie si\u0119 rozwija\u0142a, poszerzaj\u0105c swoj\u0105 ofert\u0119 o nowe modele i marki. Kluczowym momentem w historii Polskich Maszyn by\u0142a decyzja o nawi\u0105zaniu wsp\u00f3\u0142pracy z korea\u0144sk\u0105 mark\u0105 LS Tractor, kt\u00f3rej produkty idealnie wpasowa\u0142y si\u0119 w potrzeby polskich rolnik\u00f3w. Dzi\u0119ki tej wsp\u00f3\u0142pracy mo\u017cemy zaoferowa\u0107 naszym klientom szeroki wyb\u00f3r nowoczesnych i niezawodnych ci\u0105gnik\u00f3w o zr\u00f3\u017cnicowanej specyfikacji.<\/p><p>Lider Rynku<br \/>Dzi\u015b, po 15 latach dzia\u0142alno\u015bci, Polskie Maszyny s\u0105 niekwestionowanym liderem rynku minici\u0105gnik\u00f3w w Polsce Wschodniej. W naszej ofercie znajduj\u0105 si\u0119 ci\u0105gniki nowe i u\u017cywane, co pozwala nam sprosta\u0107 potrzebom zr\u00f3\u017cnicowanego grona klient\u00f3w. Stale poszerzamy nasz\u0105 ofert\u0119, dbaj\u0105c o to, aby ka\u017cda maszyna spe\u0142nia\u0142a najwy\u017csze standardy jako\u015bci.<\/p><p>Innowacje i Technologie<br \/>Nasza firma stale inwestuje w rozw\u00f3j technologiczny. Pod\u0105\u017camy za najnowszymi trendami w bran\u017cy rolniczej i oferujemy innowacyjne rozwi\u0105zania, kt\u00f3re poprawiaj\u0105 efektywno\u015b\u0107 i komfort pracy naszych klient\u00f3w. Dzi\u0119ki temu dostarczamy maszyny wyposa\u017cone w najnowocze\u015bniejsze systemy, kt\u00f3re wspieraj\u0105 rolnik\u00f3w w ich codziennych zadaniach.<\/p><p>Misja i warto\u015bci<br \/>W firmie Polskie Maszyny jeste\u015bmy przekonani, \u017ce kluczem do sukcesu jest zadowolenie klienta. Nasz zesp\u00f3\u0142 ekspert\u00f3w jest zawsze gotowy, aby wspiera\u0107 i doradza\u0107 Pa\u0144stwu na ka\u017cdym etapie zakupu. Nasz\u0105 misj\u0105 jest nie tylko sprzeda\u017c ci\u0105gnik\u00f3w, ale przede wszystkim budowanie trwa\u0142ych relacji z klientami, opartych na zaufaniu i wsp\u00f3lnych warto\u015bciach.<\/p><p>Przysz\u0142o\u015b\u0107<br \/>Patrz\u0105c w przysz\u0142o\u015b\u0107, Polskie Maszyny zamierzaj\u0105 kontynuowa\u0107 rozw\u00f3j i umacnia\u0107 swoj\u0105 pozycj\u0119 rynkow\u0105. Naszym celem jest ci\u0105g\u0142e dostarczanie rolnikom sprz\u0119tu najwy\u017cszej jako\u015bci, aby pom\u00f3c im osi\u0105ga\u0107 jeszcze lepsze rezultaty. Jeste\u015bmy przekonani, \u017ce dzi\u0119ki ci\u0105g\u0142ym innowacjom i niezmiennemu zaanga\u017cowaniu w jako\u015b\u0107 b\u0119dziemy w stanie sprosta\u0107 rosn\u0105cym wymaganiom rynku i przyczyni\u0107 si\u0119 do rozwoju polskiego rolnictwa.<\/p><p>Razem mo\u017cemy osi\u0105gn\u0105\u0107 jeszcze wi\u0119cej!<\/p>\t\t\t\t\t\t\t\t<\/div>\n\t\t\t\t<\/div>\n\t\t\t\t<\/div>","protected":false},"excerpt":{"rendered":"<p>O nas aby Twoje zakupy by\u0142y proste, bezpieczne i przyjemne. O nas\u200b Polskie Maszyny to renomowany dystrybutor traktor\u00f3w i minici\u0105gnik\u00f3w w Polsce Wschodniej. Dzi\u0119ki 15-letniemu do\u015bwiadczeniu na rynku, firma oferuje najwi\u0119kszy wyb\u00f3r nowych i u\u017cywanych traktor\u00f3w wiod\u0105cych marek, takich jak Kubota, Iseki i Yanmar. W Centrum Wystawienniczym Taj\u0119cina (ko\u0142o Jasionki) mo\u017cna obejrze\u0107 trzysta minici\u0105gnik\u00f3w. Polskie [&hellip;]<\/p>\n","protected":false},"author":1,"featured_media":0,"parent":0,"menu_order":0,"comment_status":"closed","ping_status":"closed","template":"template-fullwidth-no-heading.php","meta":{"footnotes":""},"class_list":["post-1004","page","type-page","status-publish","hentry"],"_hostinger_reach_plugin_has_subscription_block":false,"_hostinger_reach_plugin_is_elementor":false,"_links":{"self":[{"href":"https:\/\/plmaszyny.com\/en\/wp-json\/wp\/v2\/pages\/1004","targetHints":{"allow":["GET"]}}],"collection":[{"href":"https:\/\/plmaszyny.com\/en\/wp-json\/wp\/v2\/pages"}],"about":[{"href":"https:\/\/plmaszyny.com\/en\/wp-json\/wp\/v2\/types\/page"}],"author":[{"embeddable":true,"href":"https:\/\/plmaszyny.com\/en\/wp-json\/wp\/v2\/users\/1"}],"replies":[{"embeddable":true,"href":"https:\/\/plmaszyny.com\/en\/wp-json\/wp\/v2\/comments?post=1004"}],"version-history":[{"count":7,"href":"https:\/\/plmaszyny.com\/en\/wp-json\/wp\/v2\/pages\/1004\/revisions"}],"predecessor-version":[{"id":8022,"href":"https:\/\/plmaszyny.com\/en\/wp-json\/wp\/v2\/pages\/1004\/revisions\/8022"}],"wp:attachment":[{"href":"https:\/\/plmaszyny.com\/en\/wp-json\/wp\/v2\/media?parent=1004"}],"curies":[{"name":"wp","href":"https:\/\/api.w.org\/{rel}","templated":true}]}}