{"id":7981,"date":"2026-03-03T09:18:47","date_gmt":"2026-03-03T09:18:47","guid":{"rendered":"https:\/\/plmaszyny.com\/?page_id=7981"},"modified":"2026-03-03T10:07:37","modified_gmt":"2026-03-03T10:07:37","slug":"polityka-prywatnosci","status":"publish","type":"page","link":"https:\/\/plmaszyny.com\/en\/polityka-prywatnosci\/","title":{"rendered":"Polityka prywatno\u015bci"},"content":{"rendered":"<p><\/p>\n\n\n\n<p>Niniejsza polityka prywatno\u015bci okre\u015bla zasady gromadzenia, przetwarzania i wykorzystywania danych osobowych pozyskanych od Pa\u0144stwa przez sklep internetowy prowadzony pod adresem plmaszyny.com<br>(zwany dalej Stron\u0105 Internetow\u0105) przez plmaszyny.com SC Wojciech i Mi\u0142osz Podstawowa z siedzib\u0105 przy ul. Leszka Czarnego 8, Rzesz\u00f3w 35-615 (zwany dalej Sklepem Internetowym).<\/p>\n\n\n\n<p>Naszym nadrz\u0119dnym celem jest zapewnienie u\u017cytkownikom serwisu internetowego poziomu ochrony prywatno\u015bci co najmniej odpowiadaj\u0105cego standardom okre\u015blonym w obowi\u0105zuj\u0105cych przepisach prawa, w szczeg\u00f3lno\u015bci w ustawie z dnia 18 lipca 2002 r. o \u015bwiadczeniu us\u0142ug drog\u0105 elektroniczn\u0105 (Dz. U. z 2002 r., Nr 144, art. 1204 ze zm.), rozporz\u0105dzeniu Parlamentu Europejskiego i Rady (UE) 2016\/679 z dnia 27 kwietnia 2016 r. w sprawie ochrony os\u00f3b fizycznych w zwi\u0105zku z przetwarzaniem danych osobowych i w sprawie swobodnego przep\u0142ywu takich danych oraz uchylenia dyrektywy 95\/46\/WE (og\u00f3lne rozporz\u0105dzenie o ochronie danych) \u2013 RODO (Dz. Urz. UE L 119, s. 1) oraz ustawie z dnia 16 lipca 2004 r. Prawo telekomunikacyjne (Dz. U. z 2004 r., Nr 171, art. 1800 ze zm.). Sklep internetowy dok\u0142ada wszelkich stara\u0144, aby zapewni\u0107 poszanowanie Pa\u0144stwa prywatno\u015bci i ochron\u0119 przekazanych danych osobowych podczas korzystania ze strony internetowej i dokonywania zakup\u00f3w w sklepie, i podejmuje w tym celu wszelkie niezb\u0119dne \u015brodki.<\/p>\n\n\n\n<p>Administratorem danych osobowych u\u017cytkownik\u00f3w jest Polskie Maszyny, ul. Leszka Czarnego 8.<\/p>\n\n\n\n<p><strong><br><\/strong>Jakie dane automatycznie zbiera sklep internetowy podczas korzystania ze strony internetowej?<br>Sklep internetowy nie zbiera automatycznie \u017cadnych danych, z wyj\u0105tkiem danych zawartych w plikach cookies podczas korzystania ze strony internetowej. Pliki cookies to ma\u0142e pliki tekstowe wysy\u0142ane przez sklep internetowy i przechowywane na komputerze u\u017cytkownika. Zawieraj\u0105 one pewne informacje dotycz\u0105ce korzystania ze strony internetowej i sklepu internetowego.<br>Pliki cookies u\u017cywane przez sklep internetowy mog\u0105 by\u0107 tymczasowe lub trwa\u0142e. Pliki tymczasowe s\u0105 usuwane z chwil\u0105 zamkni\u0119cia przegl\u0105darki, natomiast pliki sta\u0142e pozostaj\u0105 na komputerze u\u017cytkownika nawet po odwiedzeniu strony internetowej. S\u0142u\u017c\u0105 one w szczeg\u00f3lno\u015bci do zapami\u0119tywania informacji takich jak has\u0142o czy nazwa u\u017cytkownika, co przyspiesza i u\u0142atwia przegl\u0105danie stron internetowych.<\/p>\n\n\n\n<p>Sklep internetowy wykorzystuje nast\u0119puj\u0105ce pliki cookies w wymienionych celach:<br>pliki cookies sesyjne \u2013 pliki tymczasowe przechowywane na urz\u0105dzeniu u\u017cytkownika do czasu wylogowania ze sklepu, zamkni\u0119cia strony internetowej lub wy\u0142\u0105czenia przegl\u0105darki;<\/p>\n\n\n\n<p>pliki cookies trwa\u0142e \u2013 pliki sta\u0142e przechowywane na urz\u0105dzeniu u\u017cytkownika przez czas okre\u015blony w pliku cookie lub<br>do czasu ich usuni\u0119cia przez u\u017cytkownika.<\/p>\n\n\n\n<p>Mo\u017cesz w ka\u017cdej chwili zablokowa\u0107 instalowanie plik\u00f3w cookies lub usun\u0105\u0107 pliki cookies trwa\u0142e<br>korzystaj\u0105c z odpowiednich opcji w swojej przegl\u0105darce. W razie jakichkolwiek problem\u00f3w zalecamy zapoznanie si\u0119 z sekcj\u0105 pomocy przegl\u0105darki lub skontaktowanie si\u0119 z jej tw\u00f3rc\u0105.<br><\/p>\n\n\n\n<p><br>Opr\u00f3cz plik\u00f3w cookie, sklep internetowy mo\u017ce r\u00f3wnie\u017c gromadzi\u0107 dane, zazwyczaj gromadzone przez administrator\u00f3w system\u00f3w, w plikach dziennika. Pliki te mog\u0105 zawiera\u0107 mi\u0119dzy innymi adres IP, rodzaj u\u017cywanej platformy i przegl\u0105darki, dostawc\u0119 us\u0142ug internetowych oraz adres strony internetowej, z kt\u00f3rej uzyskano dost\u0119p do naszej witryny. Niekt\u00f3re podstrony naszej witryny oraz inne \u015brodki komunikacji z Tob\u0105 mog\u0105 zawiera\u0107 sygnalizatory WWW (obrazy elektroniczne). Sygnalizatory te pozwalaj\u0105 nam otrzymywa\u0107 informacje, takie jak adres IP komputera, kt\u00f3ry za\u0142adowa\u0142 stron\u0119 zawieraj\u0105c\u0105 sygnalizator, adres URL strony, czas \u0142adowania, rodzaj u\u017cywanej przegl\u0105darki oraz informacje zawarte w plikach cookie, w celu oceny skuteczno\u015bci naszych reklam. Dane te b\u0119d\u0105 przechowywane i wykorzystywane do analiz statystycznych oraz oceny og\u00f3lnego ruchu u\u017cytkownik\u00f3w na naszej stronie. W \u017cadnym wypadku nie b\u0119d\u0105 one \u0142\u0105czone z Twoimi danymi osobowymi.<\/p>\n\n\n\n<p><br>Jakie dane gromadzi sklep internetowy podczas rejestracji i zakup\u00f3w?<br>Sklep internetowy gromadzi nast\u0119puj\u0105ce dane osobowe o Tobie za po\u015brednictwem strony internetowej i innych kana\u0142\u00f3w komunikacji podczas zakup\u00f3w i rejestracji na stronie:<\/p>\n\n\n\n<ul class=\"wp-block-list\">\n<li>Imi\u0119 i nazwisko,<\/li>\n\n\n\n<li>Adres zamieszkania,<\/li>\n\n\n\n<li>Adres korespondencyjny, je\u015bli inny ni\u017c adres zamieszkania,<\/li>\n\n\n\n<li>Adres e-mail,<\/li>\n\n\n\n<li>Numer telefonu.<\/li>\n<\/ul>\n\n\n\n<p>Podanie powy\u017cszych danych jest opcjonalne, ale niezb\u0119dne do doko\u0144czenia rejestracji i zakup\u00f3w w Serwisie. Podanie tych danych jest opcjonalne i wymaga Twojej zgody; jest niezb\u0119dne wy\u0142\u0105cznie do realizacji cel\u00f3w wskazanych powy\u017cej. Informujemy, \u017ce nie musisz podawa\u0107 tych danych, je\u015bli nie chcesz korzysta\u0107 z powy\u017cszych opcji. Przys\u0142uguje Ci prawo dost\u0119pu do tre\u015bci swoich danych osobowych i ich poprawiania. Aby skorzysta\u0107 z tego prawa, skorzystaj z opcji dost\u0119pnych w Twoim koncie lub skontaktuj si\u0119 z nami pod adresem info@plmaszyny.com lub telefonicznie pod numerem +48 458567907.<\/p>\n\n\n\n<p>Dane transakcyjne, w tym dane osobowe, mog\u0105 by\u0107 przekazywane sp\u00f3\u0142ce PayLane Sp. z o.o. z siedzib\u0105 w Gda\u0144sku, ul. Norwida 4, kod pocztowy: 80-280, numer KRS: 0000227278, w zakresie niezb\u0119dnym do realizacji p\u0142atno\u015bci za zam\u00f3wienie. Klientowi przys\u0142uguje prawo dost\u0119pu do tre\u015bci swoich danych i ich poprawiania.<br>Podanie tych danych jest opcjonalne, ale niezb\u0119dne do korzystania z us\u0142ugi.<\/p>\n\n\n\n<p><strong>Rejestrowanie, zabezpieczanie i udost\u0119pnianie tekstu umowy<\/strong><\/p>\n\n\n\n<p>Klienci mog\u0105 w ka\u017cdej chwili zapozna\u0107 si\u0119 z Og\u00f3lnymi Warunkami Sprzeda\u017cy za po\u015brednictwem linku<br>znajduj\u0105cego si\u0119 na stronie g\u0142\u00f3wnej serwisu www.plmaszyny.com, pobra\u0107 je i wydrukowa\u0107.<\/p>\n\n\n\n<p>Istotne postanowienia umowy sprzeda\u017cy s\u0105 utrwalone, zabezpieczone i udost\u0119pnione Klientowi. Potwierdzenie zam\u00f3wienia nast\u0119puje<br>poprzez wys\u0142anie wiadomo\u015bci e-mail na podany adres oraz<br>poprzez przes\u0142anie wraz z towarem wydruku potwierdzenia, opisu zam\u00f3wienia oraz faktury VAT.<\/p>\n\n\n\n<p>Marketing sklepu internetowego:<br>Je\u015bli wyrazi\u0142e\u015b\/a\u015b na to zgod\u0119 (zapisuj\u0105c si\u0119 do newslettera), Tw\u00f3j adres e-mail b\u0119dzie<br>wykorzystywany w celach marketingowych produkt\u00f3w plmaszyny.com SC Wojciech i Mi\u0142osz Beginning.<\/p>\n\n\n\n<p>Zgod\u0119 mo\u017cesz wycofa\u0107 w<br>ka\u017cdym momencie.<\/p>\n\n\n\n<p>Udost\u0119pnianie informacji:<br>W celu realizacji umowy, sklep internetowy mo\u017ce udost\u0119pnia\u0107 zebrane od Ciebie dane nast\u0119puj\u0105cym podmiotom: FedEx, SUUS, Jas-FBG, DPD, InPost (punkty odbioru), Dotpay oraz PayByNet. W tym przypadku ilo\u015b\u0107 przesy\u0142anych danych ograniczona jest do niezb\u0119dnego minimum.<\/p>\n\n\n\n<p><br>Je\u015bli wyrazi\u0142e\u015b zgod\u0119, sklep internetowy mo\u017ce udost\u0119pnia\u0107 zebrane o Tobie dane nast\u0119puj\u0105cym podmiotom: Freshmail i Edrone.me, w celu przesy\u0142ania newslettera zawieraj\u0105cego informacje o nowo\u015bciach i promocjach w naszym sklepie. Je\u015bli chcesz cofn\u0105\u0107 zgod\u0119, wy\u015blij wiadomo\u015b\u0107 e-mail na adres info@plmaszyny.com.<\/p>\n\n\n\n<p>Ponadto, podane przez Ciebie informacje mog\u0105 zosta\u0107 ujawnione w\u0142a\u015bciwym organom publicznym, je\u017celi wymagaj\u0105 tego obowi\u0105zuj\u0105ce przepisy prawa.<\/p>\n\n\n\n<p><strong>\u015arodki techniczne i Twoje obowi\u0105zki<\/strong><\/p>\n\n\n\n<p>Je\u015bli wybierzesz t\u0119 opcj\u0119, wszystkie po\u0142\u0105czenia zwi\u0105zane z Twoimi p\u0142atno\u015bciami elektronicznymi<br>b\u0119d\u0105 realizowane za po\u015brednictwem bezpiecznego i szyfrowanego po\u0142\u0105czenia SSL.<\/p>\n\n\n\n<p>Podejmowane przez nas \u015brodki mog\u0105 jednak okaza\u0107 si\u0119 niewystarczaj\u0105ce, je\u015bli nie zastosujesz si\u0119 do w\u0142asnych<br>\u015brodk\u00f3w bezpiecze\u0144stwa. W szczeg\u00f3lno\u015bci musisz zachowa\u0107 poufno\u015b\u0107 swojej nazwy u\u017cytkownika i has\u0142a oraz nie udost\u0119pnia\u0107 ich osobom trzecim. Informujemy, \u017ce sklep internetowy nigdy nie b\u0119dzie od Ciebie \u017c\u0105da\u0142 tych informacji, z wyj\u0105tkiem sytuacji, gdy logujesz si\u0119 na stronie internetowej. Aby zapobiec<br>nieautoryzowanemu u\u017cyciu Twojego konta, wyloguj si\u0119 po zako\u0144czeniu korzystania z<br>strony internetowej.<\/p>\n\n\n\n<p>Jak skorzysta\u0107 ze swoich praw?<br>Mo\u017cesz w ka\u017cdej chwili przegl\u0105da\u0107 i modyfikowa\u0107 swoje dane na stronie internetowej,<br>po zalogowaniu si\u0119 za pomoc\u0105 adresu e-mail i has\u0142a. W przypadku zapomnienia has\u0142a lub<br>problem\u00f3w z logowaniem prosimy o kontakt pod adresem info@plmaszyny.com.<\/p>\n\n\n\n<p>Masz prawo \u017c\u0105dania informacji o tre\u015bci przechowywanych danych, a tak\u017ce prawo do \u017c\u0105dania ich modyfikacji, zablokowania lub usuni\u0119cia, a tak\u017ce prawo do poprawienia, uzupe\u0142nienia lub aktualizacji ewentualnych b\u0142\u0119d\u00f3w. Masz r\u00f3wnie\u017c prawo sprzeciwi\u0107 si\u0119 przetwarzaniu Twoich danych osobowych w celach marketingowych. W tym celu skontaktuj si\u0119 z nami pod adresem info@plmaszyny.com.<\/p>\n\n\n\n<p>Inne strony internetowe:<br>Niniejsza strona internetowa mo\u017ce zawiera\u0107 linki do innych stron internetowych. Strony te dzia\u0142aj\u0105 niezale\u017cnie od niniejszej strony internetowej i nie podlegaj\u0105 kontroli sklepu internetowego.<br>Mog\u0105 one posiada\u0107 w\u0142asne polityki prywatno\u015bci, z kt\u00f3rymi zalecamy si\u0119 zapozna\u0107. Sklep internetowy nie ponosi odpowiedzialno\u015bci za praktyki ochrony danych stosowane przez te strony internetowe.<\/p>\n\n\n\n<p>W przypadku pyta\u0144 lub w\u0105tpliwo\u015bci dotycz\u0105cych niniejszej polityki prywatno\u015bci prosimy o kontakt pod adresem: info@plmaszyny.com <\/p>","protected":false},"excerpt":{"rendered":"<p>Niniejsza polityka prywatno\u015bci okre\u015bla zasady gromadzenia, przetwarzania i wykorzystywania danych osobowych pozyskanych od Pa\u0144stwa przez sklep internetowy prowadzony pod adresem plmaszyny.com(zwany dalej Stron\u0105 Internetow\u0105) przez plmaszyny.com SC Wojciech i Mi\u0142osz Podstawowa z siedzib\u0105 przy ul. Leszka Czarnego 8, Rzesz\u00f3w 35-615 (zwany dalej Sklepem Internetowym). Naszym nadrz\u0119dnym celem jest zapewnienie u\u017cytkownikom serwisu internetowego poziomu ochrony prywatno\u015bci [&hellip;]<\/p>\n","protected":false},"author":2,"featured_media":0,"parent":0,"menu_order":0,"comment_status":"closed","ping_status":"closed","template":"","meta":{"footnotes":""},"class_list":["post-7981","page","type-page","status-publish","hentry"],"_hostinger_reach_plugin_has_subscription_block":false,"_hostinger_reach_plugin_is_elementor":false,"_links":{"self":[{"href":"https:\/\/plmaszyny.com\/en\/wp-json\/wp\/v2\/pages\/7981","targetHints":{"allow":["GET"]}}],"collection":[{"href":"https:\/\/plmaszyny.com\/en\/wp-json\/wp\/v2\/pages"}],"about":[{"href":"https:\/\/plmaszyny.com\/en\/wp-json\/wp\/v2\/types\/page"}],"author":[{"embeddable":true,"href":"https:\/\/plmaszyny.com\/en\/wp-json\/wp\/v2\/users\/2"}],"replies":[{"embeddable":true,"href":"https:\/\/plmaszyny.com\/en\/wp-json\/wp\/v2\/comments?post=7981"}],"version-history":[{"count":3,"href":"https:\/\/plmaszyny.com\/en\/wp-json\/wp\/v2\/pages\/7981\/revisions"}],"predecessor-version":[{"id":7991,"href":"https:\/\/plmaszyny.com\/en\/wp-json\/wp\/v2\/pages\/7981\/revisions\/7991"}],"wp:attachment":[{"href":"https:\/\/plmaszyny.com\/en\/wp-json\/wp\/v2\/media?parent=7981"}],"curies":[{"name":"wp","href":"https:\/\/api.w.org\/{rel}","templated":true}]}}