{"id":8003,"date":"2026-03-03T10:59:28","date_gmt":"2026-03-03T10:59:28","guid":{"rendered":"https:\/\/plmaszyny.com\/?page_id=8003"},"modified":"2026-03-03T12:10:00","modified_gmt":"2026-03-03T12:10:00","slug":"regulamin","status":"publish","type":"page","link":"https:\/\/plmaszyny.com\/en\/regulamin\/","title":{"rendered":"Regulamin"},"content":{"rendered":"<h1 class=\"wp-block-heading\">Regulamin sklepu internetowego \u201e plmaszyny.com \u201d<\/h1>\n\n\n\n<p style=\"font-style:normal;font-weight:700\">Rozdzia\u0142 1 Definicje<\/p>\n\n\n\n<p style=\"font-style:normal;font-weight:700\">Rozdzia\u0142 2 Postanowienia og\u00f3lne<\/p>\n\n\n\n<p style=\"font-style:normal;font-weight:700\">Rozdzia\u0142 3 Us\u0142ugi i og\u00f3lne warunki \u015bwiadczenia us\u0142ug<\/p>\n\n\n\n<p style=\"font-style:normal;font-weight:700\">Rozdzia\u0142 4 Umowa sprzeda\u017cy<\/p>\n\n\n\n<p style=\"font-style:normal;font-weight:700\">Rozdzia\u0142 5 Realizacja zam\u00f3wie\u0144 i terminy dostaw<\/p>\n\n\n\n<p style=\"font-style:normal;font-weight:700\">Rozdzia\u0142 6 Metody p\u0142atno\u015bci<\/p>\n\n\n\n<p style=\"font-style:normal;font-weight:700\">Rozdzia\u0142 7 R\u0119kojmia za wady towaru<\/p>\n\n\n\n<p style=\"font-style:normal;font-weight:700\">Rozdzia\u0142 8 Odst\u0105pienie od umowy sprzeda\u017cy<\/p>\n\n\n\n<p style=\"font-style:normal;font-weight:700\">Rozdzia\u0142 9 Procedura rozpatrywania reklamacji<\/p>\n\n\n\n<p style=\"font-style:normal;font-weight:700\">Rozdzia\u0142 10 Opinie o produktach<\/p>\n\n\n\n<p style=\"font-style:normal;font-weight:700\">Rozdzia\u0142 11 Odpowiedzialno\u015b\u0107<\/p>\n\n\n\n<p style=\"font-style:normal;font-weight:700\">Rozdzia\u0142 12 Dane osobowe<\/p>\n\n\n\n<p style=\"font-style:normal;font-weight:700\">Rozdzia\u0142 13 Postanowienia ko\u0144cowe<\/p>\n\n\n\n<p style=\"font-style:normal;font-weight:700\">Za\u0142\u0105czniki<\/p>\n\n\n\n<h3 class=\"wp-block-heading\">Wpis<\/h3>\n\n\n\n<p>Sklep internetowy dost\u0119pny pod adresem https:\/\/plmaszyny.com (zwany dalej \u201eSklepem Internetowym\u201d) prowadzony jest przez sp\u00f3\u0142k\u0119 Polskie Maszyny, dzia\u0142aj\u0105c\u0105 pod nazw\u0105 plmaszyny.com, z siedzib\u0105 pod adresem ul. Leszka Czarnego 8, Rzesz\u00f3w 35-615, tel.: +48 458567907, e-mail: info@plmaszyny.com.<\/p>\n\n\n\n<p>Niniejszy regulamin okre\u015bla rodzaje i zakres us\u0142ug \u015bwiadczonych drog\u0105 elektroniczn\u0105 za po\u015brednictwem Sklepu Internetowego, zasady zawierania um\u00f3w sprzeda\u017cy za po\u015brednictwem Sklepu Internetowego, zasady realizacji tych um\u00f3w, prawa i obowi\u0105zki Klienta i Sprzedawcy, a tak\u017ce tryb odst\u0105pienia od umowy i sk\u0142adania reklamacji.<\/p>\n\n\n\n<p class=\"has-medium-font-size\"><strong>Sekcja 1 Definicje<\/strong><\/p>\n\n\n\n<p>Sklep Internetowy \u2013 sklep internetowy dost\u0119pny pod adresem https:\/\/plmaszyny.com<\/p>\n\n\n\n<p>Sprzedawca \u2013 Polskie Maszyny, ul. Leszka Czarnego 8, Rzesz\u00f3w 35-615<\/p>\n\n\n\n<p>Klient \u2013 \u200b\u200bosoba fizyczna, osoba prawna lub jednostka organizacyjna nieposiadaj\u0105ca osobowo\u015bci prawnej, kt\u00f3rej ustawa przyznaje zdolno\u015b\u0107 prawn\u0105, zawieraj\u0105ca umow\u0119 ze Sprzedawc\u0105.<\/p>\n\n\n\n<p>Konsument \u2013 \u200b\u200bosoba fizyczna dokonuj\u0105ca ze Sprzedawc\u0105 czynno\u015bci prawnej niezwi\u0105zanej bezpo\u015brednio z jej dzia\u0142alno\u015bci\u0105 gospodarcz\u0105 lub zawodow\u0105, w szczeg\u00f3lno\u015bci sk\u0142adaj\u0105ca zam\u00f3wienie w Sklepie.<\/p>\n\n\n\n<p>Us\u0142uga \u2013 us\u0142ugi elektroniczne \u015bwiadczone przez Sprzedawc\u0119 za po\u015brednictwem sklepu internetowego.<\/p>\n\n\n\n<p>Umowa Sprzeda\u017cy \u2013 umowa zawierana na odleg\u0142o\u015b\u0107 mi\u0119dzy Klientem a Sprzedawc\u0105 za po\u015brednictwem sklepu internetowego, kt\u00f3rej przedmiotem jest zakup Towaru.<\/p>\n\n\n\n<p>Towar \u2013 produkt lub rzecz ruchoma, kt\u00f3r\u0105 Klient nabywa za po\u015brednictwem sklepu internetowego.<\/p>\n\n\n\n<p>Konto Klienta \u2013 zbi\u00f3r zasob\u00f3w w systemie informatycznym Sprzedawcy, w kt\u00f3rym gromadzone s\u0105 informacje o Kliencie, w tym jego adres oraz historia zam\u00f3wie\u0144.<\/p>\n\n\n\n<p>Formularz zam\u00f3wienia \u2013 formularz dost\u0119pny w sklepie internetowym, umo\u017cliwiaj\u0105cy dokonanie zakupu.<\/p>\n\n\n\n<p>Formularz rejestracji \u2013 formularz dost\u0119pny w sklepie internetowym, umo\u017cliwiaj\u0105cy utworzenie konta klienta.<\/p>\n\n\n\n<p>Dzie\u0144 roboczy \u2013 dzie\u0144 od poniedzia\u0142ku do pi\u0105tku, z wy\u0142\u0105czeniem dni ustawowo wolnych od pracy.<\/p>\n\n\n\n<h3 class=\"wp-block-heading\"><br><br>\u00a72 Postanowienia og\u00f3lne<\/h3>\n\n\n\n<ol class=\"wp-block-list\">\n<li>Sprzedawca zobowi\u0105zuje si\u0119 do \u015bwiadczenia us\u0142ug Klientowi w ramach i na warunkach okre\u015blonych w niniejszym regulaminie.<\/li>\n\n\n\n<li>W celu zapewnienia bezpiecze\u0144stwa komunikacji i danych przesy\u0142anych za po\u015brednictwem sklepu internetowego, Sprzedawca wdra\u017ca \u015brodki techniczne i organizacyjne odpowiednie do stopnia zagro\u017cenia, w tym \u015brodki zapobiegaj\u0105ce nieautoryzowanemu dost\u0119powi i modyfikacji danych osobowych przesy\u0142anych za po\u015brednictwem Internetu. Sprzedawca zapewnia bezpiecze\u0144stwo transmisji danych za po\u015brednictwem sklepu internetowego za pomoc\u0105 protoko\u0142u SSL (Secure Socket Layer).<\/li>\n\n\n\n<li>Klient zobowi\u0105zuje si\u0119 do korzystania ze sklepu internetowego zgodnie z obowi\u0105zuj\u0105cym prawem i zasadami dobrego wychowania.<\/li>\n\n\n\n<li>Klienci korzystaj\u0105cy z us\u0142ug Sprzedawcy s\u0105 zobowi\u0105zani do przestrzegania niniejszego regulaminu.<\/li>\n\n\n\n<li>Sprzedawca przestrzega zasady ochrony danych osobowych Klient\u00f3w zgodnie z Rozporz\u0105dzeniem Parlamentu Europejskiego i Rady (UE) 2016\/679 z dnia 27 kwietnia 2016 r. w sprawie ochrony os\u00f3b fizycznych w zwi\u0105zku z przetwarzaniem danych osobowych i w sprawie swobodnego przep\u0142ywu takich danych oraz uchylenia dyrektywy 95\/46\/WE (Dz.Urz. UE L 119, s. 1) (\u201eRODO\u201d). Klient wyra\u017ca zgod\u0119 na gromadzenie, przechowywanie i przetwarzanie swoich danych osobowych przez Sprzedawc\u0119 w celu realizacji zam\u00f3wionej us\u0142ugi. Szczeg\u00f3\u0142owe warunki gromadzenia, przetwarzania i ochrony danych osobowych przez Sprzedawc\u0119 okre\u015blone s\u0105 w \u201ePolityce Prywatno\u015bci\u201d Sklepu Internetowego.<\/li>\n\n\n\n<li>W przypadku, gdy produkty obj\u0119te s\u0105 gwarancj\u0105 producenta, warunki, czas trwania i tryb realizacji tej gwarancji okre\u015blone s\u0105 w karcie gwarancyjnej do\u0142\u0105czon\u0105 do produktu. Gwarancja nie wy\u0142\u0105cza ani nie ogranicza prawa Kupuj\u0105cego do wykonywania uprawnie\u0144 z tytu\u0142u r\u0119kojmi w przypadku wad produktu.<\/li>\n\n\n\n<li>Produkty dost\u0119pne w sklepie internetowym s\u0105 nowe i wolne od wad fizycznych i prawnych.<\/li>\n\n\n\n<li>Sprzedawca realizuje dostaw\u0119 na terenie Polski. Wysy\u0142ka zam\u00f3wie\u0144 poza granice Polski jest mo\u017cliwa po wcze\u015bniejszym uzgodnieniu warunk\u00f3w i koszt\u00f3w wysy\u0142ki.<\/li>\n\n\n\n<li>Produkty zosta\u0142y legalnie wprowadzone na rynek polski. Informacje o produktach zamieszczone na stronie internetowej sklepu internetowego stanowi\u0105 zaproszenie do zawarcia umowy w rozumieniu art. 71 ustawy z dnia 23 kwietnia 1964 r. \u2013 Kodeks cywilny.<\/li>\n\n\n\n<li>Wszystkie ceny podane na stronie internetowej sklepu internetowego wyra\u017cone s\u0105 w z\u0142otych polskich (PLN) i s\u0105 cenami brutto, zawieraj\u0105cymi podatek VAT, c\u0142a oraz inne op\u0142aty.<br><\/li>\n<\/ol>\n\n\n\n<h3 class=\"wp-block-heading\">Sekcja 3 Us\u0142ugi i og\u00f3lne warunki \u015bwiadczenia us\u0142ug<\/h3>\n\n\n\n<ol class=\"wp-block-list\">\n<li>Sprzedawca oferuje za po\u015brednictwem sklepu internetowego us\u0142ugi elektroniczne obejmuj\u0105ce:<\/li>\n<\/ol>\n\n\n\n<ul class=\"wp-block-list\">\n<li>Umo\u017cliwienie u\u017cytkownikom wype\u0142nienia formularza zam\u00f3wienia w celu zawarcia umowy sprzeda\u017cy,<\/li>\n\n\n\n<li>Umo\u017cliwienie rejestracji i zarz\u0105dzania kontem klienta,<\/li>\n\n\n\n<li>Wysy\u0142anie klientom informacji o promocjach i produktach w formie newslettera.<\/li>\n<\/ul>\n\n\n\n<ol start=\"2\" class=\"wp-block-list\">\n<li>Us\u0142ugi, o kt\u00f3rych mowa w ust. 1, s\u0105 \u015bwiadczone nieodp\u0142atnie.<\/li>\n\n\n\n<li>Umowa o \u015bwiadczenie us\u0142ug drog\u0105 elektroniczn\u0105 polegaj\u0105cych na wype\u0142nieniu formularza zam\u00f3wienia zawierana jest z Klientem na czas oznaczony od dnia rozpocz\u0119cia wype\u0142niania formularza i rozwi\u0105zuje si\u0119 z chwil\u0105 odst\u0105pienia od umowy przez Klienta lub z chwil\u0105 przekazania wype\u0142nionego formularza Sprzedawcy. Umowa o \u015bwiadczenie us\u0142ug drog\u0105 elektroniczn\u0105 polegaj\u0105cych na utworzeniu i prowadzeniu Konta Klienta zawierana jest z Klientem na czas nieoznaczony od dnia rejestracji w Sklepie Internetowym. Umowa o \u015bwiadczenie us\u0142ug drog\u0105 elektroniczn\u0105 w postaci newslettera zawierana jest na czas nieoznaczony od dnia zapisania si\u0119 Klienta do newslettera za po\u015brednictwem funkcjonalno\u015bci dost\u0119pnej na stronie internetowej Sklepu Internetowego.<\/li>\n\n\n\n<li>Za\u0142o\u017cenie konta klienta (\u201erejestracja\u201d) nast\u0119puje za pomoc\u0105 formularza rejestracyjnego dost\u0119pnego na stronie internetowej Sklepu Internetowego. Podczas rejestracji Klient podaje mi\u0119dzy innymi adres e-mail oraz ustala indywidualne has\u0142o, kt\u00f3re w po\u0142\u0105czeniu z podanym adresem e-mail umo\u017cliwia dost\u0119p do konta klienta.<\/li>\n\n\n\n<li>Wymagania techniczne niezb\u0119dne do korzystania z us\u0142ug \u015bwiadczonych przez Sprzedawc\u0119:<\/li>\n<\/ol>\n\n\n\n<ul class=\"wp-block-list\">\n<li>Urz\u0105dzenie z dost\u0119pem do internetu,<\/li>\n\n\n\n<li>przegl\u0105darka internetowa obs\u0142uguj\u0105ca pliki cookie,<\/li>\n\n\n\n<li>dost\u0119p do poczty e-mail.<\/li>\n<\/ul>\n\n\n\n<ol start=\"6\" class=\"wp-block-list\">\n<li>Klient ponosi koszty zwi\u0105zane z dost\u0119pem do Internetu i transmisj\u0105 danych zgodnie z taryf\u0105 swojego dostawcy Internetu.<br><\/li>\n<\/ol>\n\n\n\n<h3 class=\"wp-block-heading\">Sekcja 4 Umowa sprzeda\u017cy<\/h3>\n\n\n\n<ol class=\"wp-block-list\">\n<li>W celu zawarcia umowy sprzeda\u017cy Klient dokonuje wyboru Produkt\u00f3w dost\u0119pnych w Sklepie Internetowym, okre\u015blaj\u0105c ich ilo\u015b\u0107 oraz, w stosownych przypadkach, cechy zamawianego Produktu. Po wybraniu Produkt\u00f3w (poprzez dodanie ich do koszyka za pomoc\u0105 dedykowanej funkcji w Sklepie Internetowym), Klient wype\u0142nia formularz zam\u00f3wienia, przekazuj\u0105c Sprzedawcy informacje niezb\u0119dne do realizacji zam\u00f3wienia.<\/li>\n\n\n\n<li>Po otrzymaniu zam\u00f3wienia Sprzedawca przesy\u0142a Klientowi elektroniczne potwierdzenie zam\u00f3wienia na adres e-mail podany w formularzu zam\u00f3wienia. Umowa sprzeda\u017cy zostaje zawarta z chwil\u0105 otrzymania tego potwierdzenia zam\u00f3wienia.<\/li>\n\n\n\n<li>Wiadomo\u015b\u0107 potwierdzaj\u0105ca zam\u00f3wienie zawiera uzgodnione warunki umowy sprzeda\u017cy, w tym ilo\u015b\u0107 i rodzaj zam\u00f3wionych Towar\u00f3w, ca\u0142kowit\u0105 cen\u0119 do zap\u0142aty, koszty dostawy oraz wysoko\u015b\u0107 ewentualnych rabat\u00f3w.<br><br><\/li>\n<\/ol>\n\n\n\n<h3 class=\"wp-block-heading\">Rozdzia\u0142 5 Przetwarzanie zam\u00f3wie\u0144 i czas dostawy<\/h3>\n\n\n\n<ol class=\"wp-block-list\">\n<li>Sprzedawca realizuje zam\u00f3wienia wed\u0142ug kolejno\u015bci ich otrzymania (z zastrze\u017ceniem \u00a7 6 ust. 3 niniejszego regulaminu).<\/li>\n\n\n\n<li>Realizacja zam\u00f3wienia trwa od 3 do 7 dni roboczych. W tym czasie uwzgl\u0119dnia si\u0119 czas przygotowania (wyb\u00f3r i pakowanie) oraz czas dostawy, w zale\u017cno\u015bci od wybranej metody wysy\u0142ki.<\/li>\n\n\n\n<li>Je\u015bli zam\u00f3wienie nie mo\u017ce zosta\u0107 zrealizowane w terminie okre\u015blonym w \u00a7 2, Sprzedawca skontaktuje si\u0119 z Klientem w celu ustalenia dalszych krok\u00f3w.<\/li>\n\n\n\n<li>Dostawa towar\u00f3w odbywa si\u0119 za po\u015brednictwem InPost SA lub przewo\u017anik\u00f3w FedEx, KeX, DHL, UPS i Jas-FBG. Sprzedawca zastrzega sobie prawo do korzystania z us\u0142ug przewo\u017anik\u00f3w innych ni\u017c wymienione powy\u017cej.<\/li>\n\n\n\n<li>Sprzedawca umo\u017cliwia Klientowi osobisty odbi\u00f3r towaru w miejscu i czasie uzgodnionym wcze\u015bniej z Klientem telefonicznie lub mailowo.<\/li>\n\n\n\n<li>Informacje dotycz\u0105ce dost\u0119pnych metod dostawy i ich koszt\u00f3w s\u0105 podawane Klientowi po wype\u0142nieniu formularza zam\u00f3wienia.<\/li>\n\n\n\n<li>Po otrzymaniu przesy\u0142ki Klient zobowi\u0105zany jest do dok\u0142adnego sprawdzenia stanu opakowania i jego zawarto\u015bci. W przypadku stwierdzenia uszkodze\u0144 lub nieprawid\u0142owo\u015bci nale\u017cy sporz\u0105dzi\u0107 protok\u00f3\u0142 szkody w obecno\u015bci osoby dostarczaj\u0105cej przesy\u0142k\u0119 i poinformowa\u0107 o tym sprzedawc\u0119.<br><br><\/li>\n<\/ol>\n\n\n\n<h3 class=\"wp-block-heading\">\u00a76 Metody p\u0142atno\u015bci<\/h3>\n\n\n\n<p>Sprzedawca oferuje nast\u0119puj\u0105ce metody p\u0142atno\u015bci:<\/p>\n\n\n\n<p>P\u0142atno\u015b\u0107 przy odbiorze.<\/p>\n\n\n\n<p>Klient jest zobowi\u0105zany do dokonania p\u0142atno\u015bci w ci\u0105gu 7 dni kalendarzowych od zawarcia umowy. Brak zap\u0142aty w tym terminie skutkuje rozwi\u0105zaniem umowy sprzeda\u017cy.<\/p>\n\n\n\n<p>Zam\u00f3wienie uwa\u017ca si\u0119 za zrealizowane z chwil\u0105 zaksi\u0119gowania wp\u0142aty na koncie sprzedawcy lub otrzymania przez Klienta informacji o mo\u017cliwo\u015bci p\u0142atno\u015bci przy odbiorze.<\/p>\n\n\n\n<p>Sprzedawca potwierdza sprzeda\u017c towaru paragonem lub faktur\u0105 VAT. Paragon jest wydawany Klientowi wraz z towarem.<\/p>\n\n\n\n<p>Klient wyra\u017ca zgod\u0119 na otrzymanie orygina\u0142u faktury VAT drog\u0105 elektroniczn\u0105 w formacie PDF, bez jego podpisu, na adres e-mail podany w formularzu zam\u00f3wienia, zgodnie z ustaw\u0105 z dnia 11 marca 2004 r. o podatku od towar\u00f3w i us\u0142ug oraz rozporz\u0105dzeniem Ministra Finans\u00f3w z dnia 3 grudnia 2013 r. w sprawie wystawiania faktur VAT.<\/p>\n\n\n\n<p>Voici une <strong>version r\u00e9duite et simplifi\u00e9e<\/strong> de ton texte :<\/p>\n\n\n\n<hr class=\"wp-block-separator has-alpha-channel-opacity\" \/>\n\n\n\n<h3 class=\"wp-block-heading\">7 Gwarancja<\/h3>\n\n\n\n<p>Sprzedawca ponosi odpowiedzialno\u015b\u0107 za wady produktu zgodnie z Kodeksem Cywilnym.<\/p>\n\n\n\n<p>Gwarancja obowi\u0105zuje przez:<\/p>\n\n\n\n<p>2 lata na produkty nowe<\/p>\n\n\n\n<p>1 rok na produkty u\u017cywane<\/p>\n\n\n\n<p>Koszty naprawy, wymiany lub zwrotu wadliwego produktu pokrywa sprzedawca.<\/p>\n\n\n\n<p>Wszelkie reklamacje nale\u017cy kierowa\u0107 na adres e-mail info@plmaszyny.com lub poczt\u0105 na adres siedziby firmy.<\/p>\n\n\n\n<p>Sprzedawca udzieli odpowiedzi w ci\u0105gu 14 dni. W przypadku braku odpowiedzi w tym terminie reklamacj\u0119 uznaje si\u0119 za uznan\u0105.<\/p>\n\n\n\n<p>Gwarancja nie dotyczy klient\u00f3w biznesowych (przedsi\u0119biorc\u00f3w).<\/p>\n\n\n\n<ol start=\"8\" class=\"wp-block-list\">\n<li class=\"has-medium-font-size\"><strong>Prawo odst\u0105pienia od umowy<\/strong><\/li>\n<\/ol>\n\n\n\n<p>Konsument ma 14 dni na odst\u0105pienie od umowy bez podania przyczyny.<\/p>\n\n\n\n<p>\u017b\u0105danie odst\u0105pienia od umowy mo\u017cna z\u0142o\u017cy\u0107 drog\u0105 mailow\u0105 lub listownie.<\/p>\n\n\n\n<p>Produkt nale\u017cy zwr\u00f3ci\u0107 w ci\u0105gu 14 dni od daty odst\u0105pienia od umowy.<\/p>\n\n\n\n<p>Sprzedawca zwr\u00f3ci wp\u0142acone pieni\u0105dze w ci\u0105gu maksymalnie 14 dni, przy u\u017cyciu takiego samego sposobu p\u0142atno\u015bci, jakiego u\u017cy\u0142 konsument.<\/p>\n\n\n\n<p>Koszty wysy\u0142ki zwrotnej ponosi konsument, o ile nie zaznaczono inaczej.<\/p>\n\n\n\n<p>Obowi\u0105zuj\u0105 pewne wyj\u0105tki od prawa odst\u0105pienia od umowy (produkty personalizowane, towary \u0142atwo psuj\u0105ce si\u0119, otwarte plomby, wcze\u015bniej u\u017cywane tre\u015bci cyfrowe itp.).<\/p>\n\n\n\n<ol start=\"9\" class=\"wp-block-list\">\n<li class=\"has-medium-font-size\"><strong>Reklamacje<\/strong><\/li>\n<\/ol>\n\n\n\n<p>Reklamacje mo\u017cna sk\u0142ada\u0107 e-mailem lub poczt\u0105 tradycyjn\u0105.<\/p>\n\n\n\n<p>Sprzedawca odpowie w ci\u0105gu 14 dni.<\/p>\n\n\n\n<p>Odpowiedzialno\u015b\u0107 reguluj\u0105 obowi\u0105zuj\u0105ce przepisy (Kodeks cywilny i Ustawa o prawach konsumenta).<\/p>\n\n\n\n<ol start=\"10\" class=\"wp-block-list\">\n<li class=\"has-medium-font-size\"><strong>Opinie klient\u00f3w<\/strong><\/li>\n<\/ol>\n\n\n\n<p>Opinie mog\u0105 zamieszcza\u0107 tylko klienci, kt\u00f3rzy faktycznie zakupili produkt.<br>Opinie musz\u0105 by\u0107 zgodne z prawem i dobrymi praktykami.<br>Sprzedawca nie publikuje fa\u0142szywych opinii.<\/p>\n\n\n\n<ol start=\"11\" class=\"wp-block-list\">\n<li class=\"has-medium-font-size\"><strong>Dane osobowe<\/strong><\/li>\n<\/ol>\n\n\n\n<p>Dane osobowe s\u0105 przetwarzane zgodnie z RODO w celu:<\/p>\n\n\n\n<p>zarz\u0105dzania zam\u00f3wieniami<\/p>\n\n\n\n<p>marketingu (za zgod\u0105)<\/p>\n\n\n\n<p>newslettera<\/p>\n\n\n\n<p>Klienci maj\u0105 prawo dost\u0119pu do swoich danych osobowych, ich poprawiania, usuwania oraz sprzeciwu wobec przetwarzania.<\/p>\n\n\n\n<ol start=\"12\" class=\"wp-block-list\">\n<li class=\"has-small-font-size\"><strong>Postanowienia ko\u0144cowe<\/strong><\/li>\n<\/ol>\n\n\n\n<p>Tre\u015b\u0107 strony internetowej jest chroniona prawem autorskim. Niniejsze warunki mog\u0105 zosta\u0107 zmienione z 14-dniowym wyprzedzeniem.<br>Obowi\u0105zuje prawo polskie.<\/p>\n\n\n\n<p>Niniejsze warunki obowi\u0105zuj\u0105 od 1 stycznia 2023 r.<\/p>\n\n\n\n<p>Je\u015bli chcesz, mog\u0119 stworzy\u0107 jeszcze kr\u00f3tsz\u0105 wersj\u0119, odpowiedni\u0105 do umieszczenia na stronie \u201ePodsumowanie prawne\u201d w Twojej witrynie e-commerce.<\/p>","protected":false},"excerpt":{"rendered":"<p>Regulamin sklepu internetowego \u201e plmaszyny.com \u201d Rozdzia\u0142 1 Definicje Rozdzia\u0142 2 Postanowienia og\u00f3lne Rozdzia\u0142 3 Us\u0142ugi i og\u00f3lne warunki \u015bwiadczenia us\u0142ug Rozdzia\u0142 4 Umowa sprzeda\u017cy Rozdzia\u0142 5 Realizacja zam\u00f3wie\u0144 i terminy dostaw Rozdzia\u0142 6 Metody p\u0142atno\u015bci Rozdzia\u0142 7 R\u0119kojmia za wady towaru Rozdzia\u0142 8 Odst\u0105pienie od umowy sprzeda\u017cy Rozdzia\u0142 9 Procedura rozpatrywania reklamacji Rozdzia\u0142 10 [&hellip;]<\/p>\n","protected":false},"author":2,"featured_media":0,"parent":0,"menu_order":0,"comment_status":"closed","ping_status":"closed","template":"","meta":{"footnotes":""},"class_list":["post-8003","page","type-page","status-publish","hentry"],"_hostinger_reach_plugin_has_subscription_block":false,"_hostinger_reach_plugin_is_elementor":false,"_links":{"self":[{"href":"https:\/\/plmaszyny.com\/en\/wp-json\/wp\/v2\/pages\/8003","targetHints":{"allow":["GET"]}}],"collection":[{"href":"https:\/\/plmaszyny.com\/en\/wp-json\/wp\/v2\/pages"}],"about":[{"href":"https:\/\/plmaszyny.com\/en\/wp-json\/wp\/v2\/types\/page"}],"author":[{"embeddable":true,"href":"https:\/\/plmaszyny.com\/en\/wp-json\/wp\/v2\/users\/2"}],"replies":[{"embeddable":true,"href":"https:\/\/plmaszyny.com\/en\/wp-json\/wp\/v2\/comments?post=8003"}],"version-history":[{"count":3,"href":"https:\/\/plmaszyny.com\/en\/wp-json\/wp\/v2\/pages\/8003\/revisions"}],"predecessor-version":[{"id":8008,"href":"https:\/\/plmaszyny.com\/en\/wp-json\/wp\/v2\/pages\/8003\/revisions\/8008"}],"wp:attachment":[{"href":"https:\/\/plmaszyny.com\/en\/wp-json\/wp\/v2\/media?parent=8003"}],"curies":[{"name":"wp","href":"https:\/\/api.w.org\/{rel}","templated":true}]}}