{"id":8094,"date":"2026-03-08T06:21:16","date_gmt":"2026-03-08T06:21:16","guid":{"rendered":"https:\/\/plmaszyny.com\/?page_id=8094"},"modified":"2026-03-08T06:21:17","modified_gmt":"2026-03-08T06:21:17","slug":"polityka-dostawy","status":"publish","type":"page","link":"https:\/\/plmaszyny.com\/en\/polityka-dostawy\/","title":{"rendered":"Polityka dostawy"},"content":{"rendered":"\n<p>Polityka dostawy<\/p>\n\n\n\n<p> 1. Obszar dostawyOferujemy dostaw\u0119 naszych produkt\u00f3w do wielu kraj\u00f3w w Europie. Dost\u0119pne obszary dostawy s\u0105 wskazane podczas sk\u0142adania zam\u00f3wienia.Je\u015bli Tw\u00f3j kraj nie znajduje si\u0119 na li\u015bcie dost\u0119pnych opcji, prosimy o kontakt przed z\u0142o\u017ceniem zam\u00f3wienia w celu sprawdzenia mo\u017cliwo\u015bci wysy\u0142ki.<\/p>\n\n\n\n<p>2. Czas realizacji zam\u00f3wieniaZam\u00f3wienia s\u0105 zazwyczaj przetwarzane w ci\u0105gu 1\u20133 dni roboczych od momentu potwierdzenia p\u0142atno\u015bci.Zam\u00f3wienia z\u0142o\u017cone w weekendy lub w dni \u015bwi\u0105teczne b\u0119d\u0105 realizowane nast\u0119pnego dnia roboczego.<\/p>\n\n\n\n<p>3. Czas dostawyCzas dostawy zale\u017cy od miejsca docelowego oraz wybranego przewo\u017anika.<\/p>\n\n\n\n<p>Szacunkowe czasy dostawy: Europa: 3\u20137 dni roboczych<\/p>\n\n\n\n<p>Pozosta\u0142e kierunki mi\u0119dzynarodowe: 5\u201312 dni roboczych Podane terminy maj\u0105 charakter orientacyjny i mog\u0105 ulec zmianie w zale\u017cno\u015bci od przewo\u017anika, procedur celnych lub wyj\u0105tkowych okoliczno\u015bci.<\/p>\n\n\n\n<p>4. Koszty dostawyKoszty dostawy s\u0105 obliczane na podstawie: wagi i wymiar\u00f3w paczki miejsca dostawy wybranego przewo\u017anikaDok\u0142adna kwota koszt\u00f3w dostawy jest wy\u015bwietlana podczas sk\u0142adania zam\u00f3wienia przed dokonaniem p\u0142atno\u015bci<\/p>\n\n\n\n<p>5. \u015aledzenie zam\u00f3wieniaPo wys\u0142aniu zam\u00f3wienia otrzymasz e-mail z potwierdzeniem wysy\u0142ki zawieraj\u0105cy numer \u015bledzenia, kt\u00f3ry umo\u017cliwia monitorowanie przesy\u0142ki online.<\/p>\n\n\n\n<p>6. C\u0142a i podatkiW przypadku dostaw mi\u0119dzynarodowych mog\u0105 zosta\u0107 naliczone op\u0142aty celne, podatki importowe lub inne dodatkowe koszty przez lokalne w\u0142adze.Op\u0142aty te ponosi klient<\/p>\n\n\n\n<p>7. Problemy z dostaw\u0105Je\u015bli Twoja przesy\u0142ka jest: op\u00f3\u017aniona uszkodzona.  zagubionaprosimy o jak najszybszy kontakt, aby\u015bmy mogli rozpocz\u0105\u0107 post\u0119powanie wyja\u015bniaj\u0105ce u przewo\u017anika.<\/p>\n\n\n\n<p> 8. Adres dostawyKlient jest odpowiedzialny za poprawno\u015b\u0107 adresu podanego podczas sk\u0142adania zam\u00f3wienia.Nie ponosimy odpowiedzialno\u015bci za op\u00f3\u017anienia lub zagubienie przesy\u0142ki wynikaj\u0105ce z nieprawid\u0142owego lub niekompletnego adresu<\/p>\n\n\n\n<p>9. KontaktW przypadku pyta\u0144 dotycz\u0105cych dostawy prosimy o kontakt:Email: [info@plmaszyny.com] Strona internetowa: [www.plmaszyny.com]<\/p>\n\n\n\n<p><\/p>\n","protected":false},"excerpt":{"rendered":"<p>Polityka dostawy 1. Obszar dostawyOferujemy dostaw\u0119 naszych produkt\u00f3w do wielu kraj\u00f3w w Europie. Dost\u0119pne obszary dostawy s\u0105 wskazane podczas sk\u0142adania zam\u00f3wienia.Je\u015bli Tw\u00f3j kraj nie znajduje si\u0119 na li\u015bcie dost\u0119pnych opcji, prosimy o kontakt przed z\u0142o\u017ceniem zam\u00f3wienia w celu sprawdzenia mo\u017cliwo\u015bci wysy\u0142ki. 2. Czas realizacji zam\u00f3wieniaZam\u00f3wienia s\u0105 zazwyczaj przetwarzane w ci\u0105gu 1\u20133 dni roboczych od momentu [&hellip;]<\/p>\n","protected":false},"author":2,"featured_media":0,"parent":0,"menu_order":0,"comment_status":"closed","ping_status":"closed","template":"","meta":{"footnotes":""},"class_list":["post-8094","page","type-page","status-publish","hentry"],"_hostinger_reach_plugin_has_subscription_block":false,"_hostinger_reach_plugin_is_elementor":false,"_links":{"self":[{"href":"https:\/\/plmaszyny.com\/en\/wp-json\/wp\/v2\/pages\/8094","targetHints":{"allow":["GET"]}}],"collection":[{"href":"https:\/\/plmaszyny.com\/en\/wp-json\/wp\/v2\/pages"}],"about":[{"href":"https:\/\/plmaszyny.com\/en\/wp-json\/wp\/v2\/types\/page"}],"author":[{"embeddable":true,"href":"https:\/\/plmaszyny.com\/en\/wp-json\/wp\/v2\/users\/2"}],"replies":[{"embeddable":true,"href":"https:\/\/plmaszyny.com\/en\/wp-json\/wp\/v2\/comments?post=8094"}],"version-history":[{"count":1,"href":"https:\/\/plmaszyny.com\/en\/wp-json\/wp\/v2\/pages\/8094\/revisions"}],"predecessor-version":[{"id":8095,"href":"https:\/\/plmaszyny.com\/en\/wp-json\/wp\/v2\/pages\/8094\/revisions\/8095"}],"wp:attachment":[{"href":"https:\/\/plmaszyny.com\/en\/wp-json\/wp\/v2\/media?parent=8094"}],"curies":[{"name":"wp","href":"https:\/\/api.w.org\/{rel}","templated":true}]}}