{"id":7211,"date":"2026-02-23T17:04:56","date_gmt":"2026-02-23T17:04:56","guid":{"rendered":"https:\/\/plmaszyny.com\/?post_type=product&#038;p=7211"},"modified":"2026-02-26T12:12:09","modified_gmt":"2026-02-26T12:12:09","slug":"kabina-do-ciagnika-ls-tractor-ls-mt1-25-30136738","status":"publish","type":"product","link":"https:\/\/plmaszyny.com\/en\/product\/kabina-do-ciagnika-ls-tractor-ls-mt1-25-30136738\/","title":{"rendered":"Kabina do ci\u0105gnika LS Tractor LS MT1.25 \/ 30136738"},"content":{"rendered":"<p><strong>Kabina do ci\u0105gnika<\/strong>&nbsp;LS Tractor LS MT1.25 \/ 30136738.<\/p>\n\n\n\n<p>Kompletna&nbsp;<strong>kabina do traktora<\/strong>&nbsp;marki&nbsp;<strong>LS Tractor<\/strong>&nbsp;serii&nbsp;<strong>LS MT1.25<\/strong>.<\/p>\n\n\n\n<p><strong>Wymiary<\/strong>:<\/p>\n\n\n\n<ul class=\"wp-block-list\">\n<li>wysoko\u015b\u0107:1500 mm,<\/li>\n\n\n\n<li>szeroko\u015b\u0107: 1050 mm,<\/li>\n\n\n\n<li>d\u0142ugo\u015b\u0107: 1380 mm.<\/li>\n<\/ul>\n\n\n\n<h4 class=\"wp-block-heading\">Specyfikacja<\/h4>\n\n\n\n<p>Stan<\/p>\n\n\n\n<p>Nowy<\/p>\n\n\n\n<p>Marka<\/p>\n\n\n\n<p>LS Tractor<\/p>","protected":false},"excerpt":{"rendered":"<div class=\"col-12 col-lg-4 page-product4-desc-single1\">\n<div class=\"title2\">\n<div class=\"col-12 col-sm-6 poj1\">Stan Nowy<\/div>\n<div class=\"col-12 col-sm-6 poj1 pojc\">Marka LS Tractor<\/div>\n<\/div>\n<\/div>","protected":false},"featured_media":7215,"comment_status":"open","ping_status":"closed","template":"","meta":[],"product_brand":[66],"product_cat":[64],"product_tag":[],"class_list":{"0":"post-7211","1":"product","2":"type-product","3":"status-publish","4":"has-post-thumbnail","6":"product_brand-ls-tractor","7":"product_cat-akcesoria","9":"first","10":"instock","11":"shipping-taxable","12":"purchasable","13":"product-type-simple"},"_links":{"self":[{"href":"https:\/\/plmaszyny.com\/en\/wp-json\/wp\/v2\/product\/7211","targetHints":{"allow":["GET"]}}],"collection":[{"href":"https:\/\/plmaszyny.com\/en\/wp-json\/wp\/v2\/product"}],"about":[{"href":"https:\/\/plmaszyny.com\/en\/wp-json\/wp\/v2\/types\/product"}],"replies":[{"embeddable":true,"href":"https:\/\/plmaszyny.com\/en\/wp-json\/wp\/v2\/comments?post=7211"}],"wp:featuredmedia":[{"embeddable":true,"href":"https:\/\/plmaszyny.com\/en\/wp-json\/wp\/v2\/media\/7215"}],"wp:attachment":[{"href":"https:\/\/plmaszyny.com\/en\/wp-json\/wp\/v2\/media?parent=7211"}],"wp:term":[{"taxonomy":"product_brand","embeddable":true,"href":"https:\/\/plmaszyny.com\/en\/wp-json\/wp\/v2\/product_brand?post=7211"},{"taxonomy":"product_cat","embeddable":true,"href":"https:\/\/plmaszyny.com\/en\/wp-json\/wp\/v2\/product_cat?post=7211"},{"taxonomy":"product_tag","embeddable":true,"href":"https:\/\/plmaszyny.com\/en\/wp-json\/wp\/v2\/product_tag?post=7211"}],"curies":[{"name":"wp","href":"https:\/\/api.w.org\/{rel}","templated":true}]}}