{"id":7221,"date":"2026-02-23T17:59:14","date_gmt":"2026-02-23T17:59:14","guid":{"rendered":"https:\/\/plmaszyny.com\/?post_type=product&#038;p=7221"},"modified":"2026-02-26T12:12:38","modified_gmt":"2026-02-26T12:12:38","slug":"kabina-qt-do-traktora-ls-tractor-mt3-35-mt3-40","status":"publish","type":"product","link":"https:\/\/plmaszyny.com\/en\/product\/kabina-qt-do-traktora-ls-tractor-mt3-35-mt3-40\/","title":{"rendered":"Kabina QT do traktora LS Tractor MT3.35, MT3.40"},"content":{"rendered":"<h2 class=\"wp-block-heading\">Tw\u00f3j traktor LS MT3.35 lub MT3.40 z wysokiej jako\u015bci kabin\u0105!<\/h2>\n\n\n\n<p><strong>Kabina<\/strong>&nbsp;zosta\u0142a bardzo solidnie wykonana, z zachowaniem najwy\u017cszych standard\u00f3w produkcji. Dzi\u0119ki kabinie model LS MT3 staje si\u0119 maszyn\u0105, na kt\u00f3rej mo\u017cemy polega\u0107 w ka\u017cdych warunkach atmosferycznych!<\/p>\n\n\n\n<h3 class=\"wp-block-heading\">Traktor z kabin\u0105 zostaje wzbogacony dodatkowo o funkcj\u0119 ogrzewania tak istotn\u0105 podczas prac w sezonie zimowym.<\/h3>\n\n\n\n<p>Dodatkowo&nbsp;<strong>kabina<\/strong>&nbsp;wyposa\u017cona jest w:<\/p>\n\n\n\n<ul class=\"wp-block-list\">\n<li>zamki w drzwiach,<\/li>\n\n\n\n<li>os\u0142on\u0119 przeciws\u0142oneczn\u0105,<\/li>\n\n\n\n<li>o\u015bwietlenie wewn\u0105trz kabiny,<\/li>\n\n\n\n<li>wyk\u0142adzin\u0119 (tworzywo sztuczne),<\/li>\n\n\n\n<li>wycieraczki przednie i tylne ze spryskiwaczami,<\/li>\n\n\n\n<li>radio,<\/li>\n\n\n\n<li>zewn\u0119trzne o\u015bwietlenie LED (dwie lampy z przodu i dwie z ty\u0142u traktora),<\/li>\n\n\n\n<li>lusterka boczne (2szt.),<\/li>\n\n\n\n<li>nagrzewnic\u0119 w komplecie,<\/li>\n\n\n\n<li>w\u0119\u017ce do nagrzewnicy (2szt.),<\/li>\n\n\n\n<li>klimatyzacj\u0119 (opcja).<\/li>\n<\/ul>\n\n\n\n<h4 class=\"wp-block-heading\">Specyfikacja<\/h4>\n\n\n\n<p>Stan<\/p>\n\n\n\n<p>Nowy<\/p>\n\n\n\n<p>Marka<\/p>\n\n\n\n<p>4Farmer<\/p>\n\n\n\n<p>D\u0142ugo\u015b\u0107 (mm)<\/p>\n\n\n\n<p>1670<\/p>\n\n\n\n<p>Wysoko\u015b\u0107 (mm)<\/p>\n\n\n\n<p>1550<\/p>\n\n\n\n<p>Szeroko\u015b\u0107 (mm)<\/p>\n\n\n\n<p>1150<\/p>","protected":false},"excerpt":{"rendered":"<div class=\"col-12 col-lg-4 page-product4-desc-single1\">\n<div class=\"title2\">\n<div class=\"ico\"><img decoding=\"async\" class=\"img-fluid\" src=\"https:\/\/traktor.com.pl\/themes\/traktor\/assets\/img\/icons\/stan.svg\" alt=\"stan\" width=\"60\" height=\"60\" \/><\/div>\n<div class=\"title1\">\n<p>Stan Nowy<\/p>\n<\/div>\n<\/div>\n<\/div>","protected":false},"featured_media":7225,"comment_status":"open","ping_status":"closed","template":"","meta":[],"product_brand":[68],"product_cat":[64],"product_tag":[],"class_list":{"0":"post-7221","1":"product","2":"type-product","3":"status-publish","4":"has-post-thumbnail","6":"product_brand-4farmer","7":"product_cat-akcesoria","9":"first","10":"instock","11":"shipping-taxable","12":"purchasable","13":"product-type-simple"},"_links":{"self":[{"href":"https:\/\/plmaszyny.com\/en\/wp-json\/wp\/v2\/product\/7221","targetHints":{"allow":["GET"]}}],"collection":[{"href":"https:\/\/plmaszyny.com\/en\/wp-json\/wp\/v2\/product"}],"about":[{"href":"https:\/\/plmaszyny.com\/en\/wp-json\/wp\/v2\/types\/product"}],"replies":[{"embeddable":true,"href":"https:\/\/plmaszyny.com\/en\/wp-json\/wp\/v2\/comments?post=7221"}],"wp:featuredmedia":[{"embeddable":true,"href":"https:\/\/plmaszyny.com\/en\/wp-json\/wp\/v2\/media\/7225"}],"wp:attachment":[{"href":"https:\/\/plmaszyny.com\/en\/wp-json\/wp\/v2\/media?parent=7221"}],"wp:term":[{"taxonomy":"product_brand","embeddable":true,"href":"https:\/\/plmaszyny.com\/en\/wp-json\/wp\/v2\/product_brand?post=7221"},{"taxonomy":"product_cat","embeddable":true,"href":"https:\/\/plmaszyny.com\/en\/wp-json\/wp\/v2\/product_cat?post=7221"},{"taxonomy":"product_tag","embeddable":true,"href":"https:\/\/plmaszyny.com\/en\/wp-json\/wp\/v2\/product_tag?post=7221"}],"curies":[{"name":"wp","href":"https:\/\/api.w.org\/{rel}","templated":true}]}}