{"id":7226,"date":"2026-02-23T18:10:43","date_gmt":"2026-02-23T18:10:43","guid":{"rendered":"https:\/\/plmaszyny.com\/?post_type=product&#038;p=7226"},"modified":"2026-02-26T12:12:50","modified_gmt":"2026-02-26T12:12:50","slug":"kabina-qb-do-traktora-vst-bartesko","status":"publish","type":"product","link":"https:\/\/plmaszyny.com\/en\/product\/kabina-qb-do-traktora-vst-bartesko\/","title":{"rendered":"Kabina QB do traktora VST Bartesko"},"content":{"rendered":"<h2 class=\"wp-block-heading\">Traktor VST z wysokiej jako\u015bci kabin\u0105<\/h2>\n\n\n\n<p><strong>Kabina<\/strong>&nbsp;zosta\u0142a solidnie wykonana, z zachowaniem najwy\u017cszych standard\u00f3w produkcji. Dzi\u0119ki niej traktor&nbsp;staje si\u0119 maszyn\u0105, na kt\u00f3rej mo\u017cemy polega\u0107 w ka\u017cdych warunkach atmosferycznych!<\/p>\n\n\n\n<p>Ca\u0142kowite przeszklenie certyfikowanymi hartowanymi szybami zwi\u0119ksza widoczno\u015b\u0107 oraz bezpiecze\u0144stwo. Wn\u0119trze kabiny jest przestronne, wygodne dla operatora. Posiada bardzo nowoczesne wyko\u0144czenia, poni\u017cej fotela zastosowano dodatkowe obicie materia\u0142em sk\u00f3ropodobnym, niepalnym, odpornym na myj\u0105ce \u015brodki chemiczne. Tapicerka nadaje estetyki wn\u0119trzu i zabezpiecza ci\u0105gnik podczas eksploatacji. Nowoczesne wn\u0119trze kabiny robi wra\u017cenie, stylowy, czarny sufit nadaje klimatu, a jednocze\u015bnie jest praktyczny i \u0142atwiejszy w utrzymaniu ni\u017c jasne, materia\u0142owe wyko\u0144czenia. Antypo\u015blizgowa pod\u0142oga oraz wygodna blokada otwartych drzwi pozwala na wygodne wsiadanie oraz wysiadanie z ci\u0105gnika.&nbsp;<\/p>\n\n\n\n<p><strong>Traktor z kabin\u0105<\/strong>&nbsp;zostaje wzbogacony dodatkowo o funkcj\u0119 ogrzewania tak istotn\u0105 podczas prac w sezonie zimowym.<\/p>\n\n\n\n<p>Dodatkowo&nbsp;<strong>kabina<\/strong>&nbsp;wyposa\u017cona jest w:<\/p>\n\n\n\n<ul class=\"wp-block-list\">\n<li>ogrzewanie zintegrowane w panelu dachowym z funkcj\u0105 zimnego powietrza,<\/li>\n\n\n\n<li>dach z tworzywa sztucznego,<\/li>\n\n\n\n<li>halogeny przednie oraz halogeny tylne po dwie sztuki,<\/li>\n\n\n\n<li>lampy zespolone przednie oraz lampy zespolone tylne,<\/li>\n\n\n\n<li>elektryczna wycieraczka\u00a0szyby przedniej wraz ze spryskiwaczem,<\/li>\n\n\n\n<li>elektryczna wycieraczka szyby tylnej,<\/li>\n\n\n\n<li>dwa lusterka regulowane na pa\u0142\u0105kach,<\/li>\n\n\n\n<li>schowek,<\/li>\n\n\n\n<li>o\u015bwietlenie tablicy rejestracyjnej,<\/li>\n\n\n\n<li>o\u015bwietlenie wn\u0119trza kabiny,<\/li>\n\n\n\n<li>roleta przeciws\u0142oneczna,<\/li>\n\n\n\n<li>drzwi oraz szyba tylna otwierane przy pomocy si\u0142ownik\u00f3w gazowych,<\/li>\n\n\n\n<li>uchylna szyba przednia oraz tylna,<\/li>\n\n\n\n<li>zamki w drzwiach,<\/li>\n\n\n\n<li>wyk\u0142adzin\u0119 (tworzywo sztuczne).<\/li>\n<\/ul>\n\n\n\n<h3 class=\"wp-block-heading\">Decyduj\u0105c si\u0119 na model ci\u0105gnika VST z kabin\u0105, wybierasz nie tylko wysok\u0105 jako\u015b\u0107 wykonania, ale tak\u017ce komfort i bezpiecze\u0144stwo.<\/h3>\n\n\n\n<p>*Zdj\u0119cia pogl\u0105dowe, kabina mo\u017ce by\u0107 zamontowana tak\u017ce na innym modelu ci\u0105gnika.<\/p>\n\n\n\n<h4 class=\"wp-block-heading\">Specyfikacja<\/h4>\n\n\n\n<p>Stan<\/p>\n\n\n\n<p>Nowy<\/p>\n\n\n\n<p>Marka<\/p>\n\n\n\n<p>Bartesco<\/p>\n\n\n\n<p>Kabina<\/p>\n\n\n\n<p>Wyposa\u017cona w ogrzewanie<\/p>","protected":false},"excerpt":{"rendered":"<div class=\"ico\">\u00a0<\/div>\n<div class=\"title1\">\n<p>Stan Nowy<\/p>\n<\/div>","protected":false},"featured_media":7230,"comment_status":"open","ping_status":"closed","template":"","meta":[],"product_brand":[67],"product_cat":[64],"product_tag":[],"class_list":{"0":"post-7226","1":"product","2":"type-product","3":"status-publish","4":"has-post-thumbnail","6":"product_brand-bartesko","7":"product_cat-akcesoria","9":"first","10":"instock","11":"shipping-taxable","12":"purchasable","13":"product-type-simple"},"_links":{"self":[{"href":"https:\/\/plmaszyny.com\/en\/wp-json\/wp\/v2\/product\/7226","targetHints":{"allow":["GET"]}}],"collection":[{"href":"https:\/\/plmaszyny.com\/en\/wp-json\/wp\/v2\/product"}],"about":[{"href":"https:\/\/plmaszyny.com\/en\/wp-json\/wp\/v2\/types\/product"}],"replies":[{"embeddable":true,"href":"https:\/\/plmaszyny.com\/en\/wp-json\/wp\/v2\/comments?post=7226"}],"wp:featuredmedia":[{"embeddable":true,"href":"https:\/\/plmaszyny.com\/en\/wp-json\/wp\/v2\/media\/7230"}],"wp:attachment":[{"href":"https:\/\/plmaszyny.com\/en\/wp-json\/wp\/v2\/media?parent=7226"}],"wp:term":[{"taxonomy":"product_brand","embeddable":true,"href":"https:\/\/plmaszyny.com\/en\/wp-json\/wp\/v2\/product_brand?post=7226"},{"taxonomy":"product_cat","embeddable":true,"href":"https:\/\/plmaszyny.com\/en\/wp-json\/wp\/v2\/product_cat?post=7226"},{"taxonomy":"product_tag","embeddable":true,"href":"https:\/\/plmaszyny.com\/en\/wp-json\/wp\/v2\/product_tag?post=7226"}],"curies":[{"name":"wp","href":"https:\/\/api.w.org\/{rel}","templated":true}]}}