{"id":7792,"date":"2026-02-24T10:55:07","date_gmt":"2026-02-24T10:55:07","guid":{"rendered":"https:\/\/plmaszyny.com\/?post_type=product&#038;p=7792"},"modified":"2026-02-26T11:36:55","modified_gmt":"2026-02-26T11:36:55","slug":"massey-ferguson-mf6028-4x4-28-km-cab","status":"publish","type":"product","link":"https:\/\/plmaszyny.com\/en\/product\/massey-ferguson-mf6028-4x4-28-km-cab\/","title":{"rendered":"Massey Ferguson MF6028 4&#215;4 &#8211; 28 KM \/ CAB"},"content":{"rendered":"<p>Obejrzyj wideo<\/p>\n\n\n\n<p>Massey Ferguson MF6028 4&#215;4 &#8211; 28 KM \/ CAB<\/p>\n\n\n\n<h2 class=\"wp-block-heading\">Ci\u0105gniki i sprz\u0119t rolniczy &#8211; PREMIUM LIMITED<\/h2>\n\n\n\n<p>Bezpo\u015brednim producentem modelu&nbsp;<strong>MF6028<\/strong>&nbsp;jest najwi\u0119kszy indyjski koncern TAFE, kt\u00f3ry znacz\u0105cym udzia\u0142owcem (40%)&nbsp;<strong>AGCO Corporation<\/strong>&nbsp;z Mark\u0105 Massey Ferguson na czele.&nbsp;<strong>Massey Ferguson<\/strong>&nbsp;to marka ci\u0105gnik\u00f3w rozpoznawalna na ca\u0142ym \u015bwiecie i najch\u0119tniej wybierana marka traktor\u00f3w przez klient\u00f3w. Rozbudowana gama produkt\u00f3w, wysoko jako\u015b\u0107 produkcji i niskie koszty eksploatacji to tylko kilka najwa\u017cniejszych cech, kt\u00f3rymi charakteryzuj\u0105 si\u0119 ci\u0105gniki MASSEY FERGUSON. Koncern poprzez rozbudowana siec dealerska (1200 oficjalnych partner\u00f3w &#8211; dealer-\u00f3w), sprzedaje ponad 180 000 ci\u0105gnik\u00f3w rocznie i tym samym nap\u0119dza gospodarki ponad 100 kraj\u00f3w na ca\u0142ym \u015bwiecie. Model&nbsp;<strong>Massey Ferguson MF6028<\/strong>&nbsp;zdoby\u0142 nagrod\u0119 za najbardziej stylowy ci\u0105gnik w konkursie&nbsp;<strong>Farm Power Awards 2020 magazynu Agriculture Today<\/strong>.<\/p>\n\n\n\n<h3 class=\"wp-block-heading\">Stylowa linia &#8211; Massey Ferguson MF6028<\/h3>\n\n\n\n<p>Traktor&nbsp;<strong>Massey Ferguson<\/strong>&nbsp;<strong>6028<\/strong>&nbsp;to kompaktowy&nbsp;<strong>mini ci\u0105gnik<\/strong>&nbsp;z nap\u0119dem&nbsp;<strong>4 x 4<\/strong>&nbsp;&#8211;&nbsp;<strong>4WD<\/strong>, wspomaganiem kierownicy i 3 cylindrowym silnikiem diesla&nbsp;<strong>Mitsubishi MVS3L2 TIII A<\/strong>&nbsp;o mocy 28 KM (20,58kW). Ci\u0105gnik posiada&nbsp;<strong>rolnicze opony<\/strong>&nbsp;(z mo\u017cliwo\u015bci\u0105 wymiany na opony trawiaste-opcja dodatkowa), dwie pr\u0119dko\u015bci wa\u0142ka mocy&nbsp;<strong>WOM\/PTO<\/strong>,&nbsp;<strong>3 &#8211; punktowy<\/strong>&nbsp;tylny podno\u015bnik&nbsp;<strong>TUZ Kat I<\/strong>&nbsp;o ud\u017awigu&nbsp;<strong>739 kg<\/strong>. Traktorek wyposa\u017cony zosta\u0142 w manualn\u0105 skrzyni\u0119 bieg\u00f3w, kt\u00f3ra daje&nbsp;<strong>6 bieg\u00f3w do jazdy na wprost<\/strong>&nbsp;i&nbsp;<strong>2<\/strong>&nbsp;dwa biegi&nbsp;<strong>wsteczne<\/strong>&nbsp;oraz&nbsp;uk\u0142ad jezdny z&nbsp;uszczelnionym przednim mostem z hamulcami wielotarczowymi zanurzonymi w oleju sprawia, \u017ce jazda modelem&nbsp;<strong>MF6028<\/strong>&nbsp;jest bardzo bezpieczna. Idealnie dopracowane szczeg\u00f3\u0142y konstrukcji takie jak&nbsp;<strong>p\u0142aska pod\u0142oga zaczep do przyczepy, przedni hak holowniczy<\/strong>&nbsp;czy intuicyjnie rozmieszczone d\u017awignie steruj\u0105ce, to w po\u0142\u0105czeniu z czyteln\u0105 i nowoczesn\u0105 desk\u0105 rozdzielcz\u0105 sprawia, \u017ce praca traktorkiem Massey Ferguson to ogromna przyjemno\u015b\u0107.<\/p>\n\n\n\n<h3 class=\"wp-block-heading\"><strong>Dodatki i osprz\u0119t<\/strong><\/h3>\n\n\n\n<p><strong>Ogrzewana kabina<\/strong>&nbsp;z lusterkami bocznymi, wycieraczkami, uchylan\u0105 przednia i tyln\u0105 szyb\u0105 z dodatkowym&nbsp;<strong>o\u015bwietleniem zewn\u0119trznym halogenowym<\/strong>, to podstawowa wersja kabiny polskiej produkcji, w kt\u00f3re uzbrajamy nasze ci\u0105gniki&nbsp;<strong>Massey Ferguson MF6028<\/strong>. Kabina jest bardzo wygodna i wszechstronna oraz bardzo precyzyjnie wykonana i solidnie zamontowana, co sprawia \u017ce wsiadanie i wysiadanie z ci\u0105gnika nie sprawia k\u0142opotu. Komfort pracy w kabinie poprawia antypo\u015blizgowa pod\u0142oga i&nbsp;<strong>rozbudowany system wentylacji<\/strong>&nbsp;z mo\u017cliwo\u015bci\u0105 wielostopniowej regulacji oraz mo\u017cliwo\u015b\u0107 zamontowania radia.<\/p>\n\n\n\n<h4 class=\"wp-block-heading\">Specyfikacja<\/h4>\n\n\n\n<p>Stan<\/p>\n\n\n\n<p>Nowy<\/p>\n\n\n\n<p>Kolor<\/p>\n\n\n\n<p>Czerwony<\/p>\n\n\n\n<p>Silnik<\/p>\n\n\n\n<p>3 &#8211; cylindrowy diesel ch\u0142odzony ciecz\u0105<\/p>\n\n\n\n<p>Model silnika<\/p>\n\n\n\n<p>Mitsubishi MVS3L2 TIII A<\/p>\n\n\n\n<p>Moc (KM\/HP)<\/p>\n\n\n\n<p>28<\/p>\n\n\n\n<p>Pojemno\u015b\u0107 silnika (cm3 \/ ccm)<\/p>\n\n\n\n<p>1318<\/p>\n\n\n\n<p>Pojemno\u015b\u0107 zbiornika paliwa (L)<\/p>\n\n\n\n<p>25<\/p>\n\n\n\n<p>Nap\u0119d<\/p>\n\n\n\n<p>4&#215;4 4WD<\/p>\n\n\n\n<p>Liczba bieg\u00f3w prz\u00f3d \/ ty\u0142<\/p>\n\n\n\n<p>6 \/ 2<\/p>\n\n\n\n<p>Pr\u0119dko\u015b\u0107 jazdy (km\/h)<\/p>\n\n\n\n<p>0 &#8211; 20,1<\/p>\n\n\n\n<p>Wspomaganie kierownicy<\/p>\n\n\n\n<p>TAK<\/p>\n\n\n\n<p>Dzielone hamulce<\/p>\n\n\n\n<p>TAK<\/p>\n\n\n\n<p>Blokada mechanizmu r\u00f3\u017cnicowego<\/p>\n\n\n\n<p>TAK<\/p>\n\n\n\n<p>WOM \/ PTO<\/p>\n\n\n\n<p>2 pr\u0119dko\u015bci<br>540 (2460ERPM), 540 E (1771)<\/p>\n\n\n\n<p>Moc WOM\/PTO (kW)<\/p>\n\n\n\n<p>16 kW (21,76KM)<\/p>\n\n\n\n<p>TUZ<\/p>\n\n\n\n<p>3 &#8211; punktowy<br>Automatyczna kontrola ci\u0105gu urz\u0105dze\u0144 TUZ (Draft load detection &#8211; zapobiega niekontrolowanemu zapadaniu si\u0119 osprz\u0119tu TUZ podczas pracy)<br>KAT I<br>Regulacja pr\u0119dko\u015bci opadania tylnych ramion podno\u015bnika TUZ \/ zaw\u00f3r regulacyjny r\u0119czny<\/p>\n\n\n\n<p>Ud\u017awig TUZ na ko\u0144c\u00f3wkach kulowych (kg)<\/p>\n\n\n\n<p>739<\/p>\n\n\n\n<p>Hydrauliczne poziomowanie tylnego zawieszenia<\/p>\n\n\n\n<p>NIE<\/p>\n\n\n\n<p>Zaczep do przyczepy<\/p>\n\n\n\n<p>PRZ\u00d3D \/ TY\u0141<\/p>\n\n\n\n<p>D\u0142ugo\u015b\u0107 \/ szeroko\u015b\u0107 \/ wysoko\u015b\u0107 do kierownicy (mm)<\/p>\n\n\n\n<p>2920 \/ 1150 \/ 1380<\/p>\n\n\n\n<p>Wysoko\u015b\u0107 do kraw\u0119dzi pa\u0142\u0105ka ROPS (mm)<\/p>\n\n\n\n<p>2150<\/p>\n\n\n\n<p>Rozstaw osi (mm)<\/p>\n\n\n\n<p>1520<\/p>\n\n\n\n<p>Rozmiar opon prz\u00f3d \/ ty\u0142<\/p>\n\n\n\n<p>180\/85 D12 \/ 8.3-20<\/p>\n\n\n\n<p>Waga (kg)<\/p>\n\n\n\n<p>980<\/p>\n\n\n\n<p>Sprz\u0119g\u0142o<\/p>\n\n\n\n<p>Suche, jednotarczowe<\/p>\n\n\n\n<p>Hamulce<\/p>\n\n\n\n<p>Mokre<\/p>\n\n\n\n<p>Hamulec r\u0119czny\/postojowy<\/p>\n\n\n\n<p>D\u017awignia<br>TAK<\/p>","protected":false},"excerpt":{"rendered":"<div class=\"col-6 col-sm-6 col-md-6 col-lg-6 single1\">\n<div class=\"single1-sz\">\n<div class=\"ico\">\u00a0<\/div>\n<div class=\"title1\">\n<p>Stan Nowy<\/p>\n<\/div>\n<\/div>\n<\/div>\n<div class=\"col-6 col-sm-6 col-md-6 col-lg-6 single1\">\n<div class=\"single1-sz\">\n<div class=\"title1\">\n<p>Moc (KM\/HP) 28<\/p>\n<\/div>\n<\/div>\n<\/div>\n<div class=\"col-6 col-sm-6 col-md-6 col-lg-6 single1\">\n<div class=\"single1-sz\">\n<div class=\"title1\">\n<p>Nap\u0119d 4&#215;4 4WD<\/p>\n<\/div>\n<\/div>\n<\/div>\n<div class=\"col-6 col-sm-6 col-md-6 col-lg-6 single1\">\n<div class=\"single1-sz\">\n<div class=\"title1\">\n<p>Wspomaganie kierownicy TAK<\/p>\n<\/div>\n<\/div>\n<\/div>\n<div class=\"col-6 col-sm-6 col-md-6 col-lg-6 single1\">\n<div class=\"single1-sz\">\n<div class=\"title1\">\n<p>Zaczep do przyczepy PRZ\u00d3D \/ TY\u0141<\/p>\n<\/div>\n<\/div>\n<\/div>\n<div class=\"col-6 col-sm-6 col-md-6 col-lg-6 single1\">\n<div class=\"single1-sz\">\n<div class=\"title1\">\n<p>Waga (kg) 980<\/p>\n<\/div>\n<\/div>\n<\/div>","protected":false},"featured_media":7795,"comment_status":"open","ping_status":"closed","template":"","meta":[],"product_brand":[90],"product_cat":[58],"product_tag":[],"class_list":{"0":"post-7792","1":"product","2":"type-product","3":"status-publish","4":"has-post-thumbnail","6":"product_brand-massey-ferguson","7":"product_cat-traktory","9":"first","10":"instock","11":"shipping-taxable","12":"purchasable","13":"product-type-simple"},"_links":{"self":[{"href":"https:\/\/plmaszyny.com\/en\/wp-json\/wp\/v2\/product\/7792","targetHints":{"allow":["GET"]}}],"collection":[{"href":"https:\/\/plmaszyny.com\/en\/wp-json\/wp\/v2\/product"}],"about":[{"href":"https:\/\/plmaszyny.com\/en\/wp-json\/wp\/v2\/types\/product"}],"replies":[{"embeddable":true,"href":"https:\/\/plmaszyny.com\/en\/wp-json\/wp\/v2\/comments?post=7792"}],"wp:featuredmedia":[{"embeddable":true,"href":"https:\/\/plmaszyny.com\/en\/wp-json\/wp\/v2\/media\/7795"}],"wp:attachment":[{"href":"https:\/\/plmaszyny.com\/en\/wp-json\/wp\/v2\/media?parent=7792"}],"wp:term":[{"taxonomy":"product_brand","embeddable":true,"href":"https:\/\/plmaszyny.com\/en\/wp-json\/wp\/v2\/product_brand?post=7792"},{"taxonomy":"product_cat","embeddable":true,"href":"https:\/\/plmaszyny.com\/en\/wp-json\/wp\/v2\/product_cat?post=7792"},{"taxonomy":"product_tag","embeddable":true,"href":"https:\/\/plmaszyny.com\/en\/wp-json\/wp\/v2\/product_tag?post=7792"}],"curies":[{"name":"wp","href":"https:\/\/api.w.org\/{rel}","templated":true}]}}