{"id":7796,"date":"2026-02-24T10:57:44","date_gmt":"2026-02-24T10:57:44","guid":{"rendered":"https:\/\/plmaszyny.com\/?post_type=product&#038;p=7796"},"modified":"2026-02-26T11:29:43","modified_gmt":"2026-02-26T11:29:43","slug":"massey-ferguson-mf6028","status":"publish","type":"product","link":"https:\/\/plmaszyny.com\/en\/product\/massey-ferguson-mf6028\/","title":{"rendered":"Massey Ferguson MF6028"},"content":{"rendered":"<p>Massey Ferguson MF6028<\/p>\n\n\n\n<p>4&#215;4 28KM<\/p>\n\n\n\n<h5 class=\"wp-block-heading\">Firma\u00a0najwi\u0119kszy importer mini ci\u0105gnik\u00f3w japo\u0144skich w Polsce Wschodniej oferuje:<\/h5>\n\n\n\n<h5 class=\"wp-block-heading\">Japo\u0144ski ci\u0105gnik&nbsp;Massey Ferguson MF6028 z nap\u0119dem 4&#215;4 o mocy 28 KM.<\/h5>\n\n\n\n<h4 class=\"wp-block-heading\">Specyfikacja<\/h4>\n\n\n\n<p>Stan<\/p>\n\n\n\n<p>Nowy<\/p>\n\n\n\n<p>Rok produkcji<\/p>\n\n\n\n<p>2022<\/p>\n\n\n\n<p>Kolor<\/p>\n\n\n\n<p>Czerwony<\/p>\n\n\n\n<p>Przebieg (motogodziny\/Mth)<\/p>\n\n\n\n<p>3 Mth.<\/p>\n\n\n\n<p>Silnik<\/p>\n\n\n\n<p>3 &#8211; cylindrowy diesel ch\u0142odzony ciecz\u0105<\/p>\n\n\n\n<p>Moc (KM\/HP)<\/p>\n\n\n\n<p>28<\/p>\n\n\n\n<p>Nap\u0119d<\/p>\n\n\n\n<p>4&#215;4 4WD<\/p>\n\n\n\n<p>Liczba bieg\u00f3w prz\u00f3d \/ ty\u0142<\/p>\n\n\n\n<p>9 \/ 3<\/p>\n\n\n\n<p>Wspomaganie kierownicy<\/p>\n\n\n\n<p>TAK<\/p>\n\n\n\n<p>Dzielone hamulce<\/p>\n\n\n\n<p>TAK<\/p>\n\n\n\n<p>Blokada mechanizmu r\u00f3\u017cnicowego<\/p>\n\n\n\n<p>TAK<\/p>\n\n\n\n<p>WOM \/ PTO<\/p>\n\n\n\n<p>2 pr\u0119dko\u015bci<\/p>\n\n\n\n<p>TUZ<\/p>\n\n\n\n<p>3 &#8211; punktowy<\/p>\n\n\n\n<p>Hydrauliczne poziomowanie tylnego zawieszenia<\/p>\n\n\n\n<p>TAK<\/p>\n\n\n\n<p>D\u0142ugo\u015b\u0107 \/ szeroko\u015b\u0107 \/ wysoko\u015b\u0107 do kierownicy (mm)<\/p>\n\n\n\n<p>292 \/ 109 \/ 135 cm<\/p>\n\n\n\n<p>Rozstaw osi (mm)<\/p>\n\n\n\n<p>152 cm<\/p>\n\n\n\n<p>Rozmiar opon prz\u00f3d \/ ty\u0142<\/p>\n\n\n\n<p>180\/85 D12 \/ 8,3-20<\/p>\n\n\n\n<p>Waga (kg)<\/p>\n\n\n\n<p>1050<\/p>","protected":false},"excerpt":{"rendered":"<div class=\"col-12 col-sm-6 poj1\">Stan Nowy<\/div>\n<div class=\"col-12 col-sm-6 poj1 pojc\">Rok produkcji 2022<\/div>\n<div class=\"col-12 col-sm-6 poj1\">Kolor Czerwony<\/div>\n<div class=\"col-12 col-sm-6 poj1 pojc\">Przebieg (motogodziny\/Mth) 3 Mth.<\/div>\n<div class=\"col-12 col-sm-6 poj1\">Silnik 3 &#8211; cylindrowy diesel ch\u0142odzony ciecz\u0105<\/div>\n<div class=\"col-12 col-sm-6 poj1 pojc\">Moc (KM\/HP) 28<\/div>\n<div class=\"col-12 col-sm-6 poj1\">Nap\u0119d 4&#215;4 4WD<\/div>","protected":false},"featured_media":7799,"comment_status":"open","ping_status":"closed","template":"","meta":[],"product_brand":[90],"product_cat":[58],"product_tag":[],"class_list":{"0":"post-7796","1":"product","2":"type-product","3":"status-publish","4":"has-post-thumbnail","6":"product_brand-massey-ferguson","7":"product_cat-traktory","9":"first","10":"instock","11":"shipping-taxable","12":"purchasable","13":"product-type-simple"},"_links":{"self":[{"href":"https:\/\/plmaszyny.com\/en\/wp-json\/wp\/v2\/product\/7796","targetHints":{"allow":["GET"]}}],"collection":[{"href":"https:\/\/plmaszyny.com\/en\/wp-json\/wp\/v2\/product"}],"about":[{"href":"https:\/\/plmaszyny.com\/en\/wp-json\/wp\/v2\/types\/product"}],"replies":[{"embeddable":true,"href":"https:\/\/plmaszyny.com\/en\/wp-json\/wp\/v2\/comments?post=7796"}],"wp:featuredmedia":[{"embeddable":true,"href":"https:\/\/plmaszyny.com\/en\/wp-json\/wp\/v2\/media\/7799"}],"wp:attachment":[{"href":"https:\/\/plmaszyny.com\/en\/wp-json\/wp\/v2\/media?parent=7796"}],"wp:term":[{"taxonomy":"product_brand","embeddable":true,"href":"https:\/\/plmaszyny.com\/en\/wp-json\/wp\/v2\/product_brand?post=7796"},{"taxonomy":"product_cat","embeddable":true,"href":"https:\/\/plmaszyny.com\/en\/wp-json\/wp\/v2\/product_cat?post=7796"},{"taxonomy":"product_tag","embeddable":true,"href":"https:\/\/plmaszyny.com\/en\/wp-json\/wp\/v2\/product_tag?post=7796"}],"curies":[{"name":"wp","href":"https:\/\/api.w.org\/{rel}","templated":true}]}}