{"id":7800,"date":"2026-02-24T11:00:06","date_gmt":"2026-02-24T11:00:06","guid":{"rendered":"https:\/\/plmaszyny.com\/?post_type=product&#038;p=7800"},"modified":"2026-02-26T11:29:10","modified_gmt":"2026-02-26T11:29:10","slug":"massey-ferguson-mf6028-4-x-4-28-km","status":"publish","type":"product","link":"https:\/\/plmaszyny.com\/en\/product\/massey-ferguson-mf6028-4-x-4-28-km\/","title":{"rendered":"Massey Ferguson MF6028 4 x 4 &#8211; 28 KM"},"content":{"rendered":"<p><\/p>\n\n\n\n<p>Stan<\/p>\n\n\n\n<p>Nowy<\/p>\n\n\n\n<p>Kolor<\/p>\n\n\n\n<p>Czerwony<\/p>\n\n\n\n<p>Silnik<\/p>\n\n\n\n<p>3 &#8211; cylindrowy diesel ch\u0142odzony ciecz\u0105<\/p>\n\n\n\n<p>Model silnika<\/p>\n\n\n\n<p>Mitsubishi MVS3L2 TIII A<\/p>\n\n\n\n<p>Moc (KM\/HP)<\/p>\n\n\n\n<p>28<\/p>\n\n\n\n<p>Pojemno\u015b\u0107 silnika (cm3 \/ ccm)<\/p>\n\n\n\n<p>1318<\/p>\n\n\n\n<p>Pojemno\u015b\u0107 zbiornika paliwa (L)<\/p>\n\n\n\n<p>25<\/p>\n\n\n\n<p>Nap\u0119d<\/p>\n\n\n\n<p>4&#215;4 4WD<\/p>\n\n\n\n<p>Liczba bieg\u00f3w prz\u00f3d \/ ty\u0142<\/p>\n\n\n\n<p>9 \/ 3<\/p>\n\n\n\n<p>Pr\u0119dko\u015b\u0107 jazdy (km\/h)<\/p>\n\n\n\n<p>0 &#8211; 20,1<\/p>\n\n\n\n<p>Wspomaganie kierownicy<\/p>\n\n\n\n<p>TAK<\/p>\n\n\n\n<p>Dzielone hamulce<\/p>\n\n\n\n<p>TAK<\/p>\n\n\n\n<p>Blokada mechanizmu r\u00f3\u017cnicowego<\/p>\n\n\n\n<p>TAK<\/p>\n\n\n\n<p>WOM \/ PTO<\/p>\n\n\n\n<p>2 pr\u0119dko\u015bci<br>540 (2460ERPM), 540 E (1771)<\/p>\n\n\n\n<p>Moc WOM\/PTO (kW)<\/p>\n\n\n\n<p>16 kW (21,76KM)<\/p>\n\n\n\n<p>TUZ<\/p>\n\n\n\n<p>3 &#8211; punktowy<br>Automatyczna kontrola ci\u0105gu urz\u0105dze\u0144 TUZ (Draft load detection &#8211; zapobiega niekontrolowanemu zapadaniu si\u0119 osprz\u0119tu TUZ podczas pracy)<br>KAT I<br>Regulacja pr\u0119dko\u015bci opadania tylnych ramion podno\u015bnika TUZ \/ zaw\u00f3r regulacyjny r\u0119czny<\/p>\n\n\n\n<p>Ud\u017awig TUZ na ko\u0144c\u00f3wkach kulowych (kg)<\/p>\n\n\n\n<p>739<\/p>\n\n\n\n<p>Hydrauliczne poziomowanie tylnego zawieszenia<\/p>\n\n\n\n<p>NIE<\/p>\n\n\n\n<p>Zaczep do przyczepy<\/p>\n\n\n\n<p>PRZ\u00d3D \/ TY\u0141<\/p>\n\n\n\n<p>D\u0142ugo\u015b\u0107 \/ szeroko\u015b\u0107 \/ wysoko\u015b\u0107 do kierownicy (mm)<\/p>\n\n\n\n<p>2920 \/ 1150 \/ 1380<\/p>\n\n\n\n<p>Rozstaw osi (mm)<\/p>\n\n\n\n<p>1520<\/p>\n\n\n\n<p>Rozmiar opon prz\u00f3d \/ ty\u0142<\/p>\n\n\n\n<p>180\/85 D12 \/ 8.3-20<\/p>\n\n\n\n<p>Waga (kg)<\/p>\n\n\n\n<p>980<\/p>\n\n\n\n<p>Sprz\u0119g\u0142o<\/p>\n\n\n\n<p>Suche, jednotarczowe<\/p>\n\n\n\n<p>Hamulce<\/p>\n\n\n\n<p>Mokre<\/p>\n\n\n\n<p>Hamulec r\u0119czny\/postojowy<\/p>\n\n\n\n<p>D\u017awignia<br>TAK<\/p>","protected":false},"excerpt":{"rendered":"<div class=\"col-6 col-sm-6 col-md-6 col-lg-6 single1\">\n<div class=\"single1-sz\">\n<div class=\"ico\">\u00a0<\/div>\n<div class=\"title1\">\n<p>Stan Nowy<\/p>\n<\/div>\n<\/div>\n<\/div>\n<div class=\"col-6 col-sm-6 col-md-6 col-lg-6 single1\">\n<div class=\"single1-sz\">\n<div class=\"title1\">\n<p>Moc (KM\/HP) 28<\/p>\n<\/div>\n<\/div>\n<\/div>\n<div class=\"col-6 col-sm-6 col-md-6 col-lg-6 single1\">\n<div class=\"single1-sz\">\n<div class=\"title1\">\n<p>Nap\u0119d 4&#215;4 4WD<\/p>\n<\/div>\n<\/div>\n<\/div>\n<div class=\"col-6 col-sm-6 col-md-6 col-lg-6 single1\">\n<div class=\"single1-sz\">\n<div class=\"title1\">\n<p>Wspomaganie kierownicyTAK<\/p>\n<\/div>\n<\/div>\n<\/div>\n<div class=\"col-6 col-sm-6 col-md-6 col-lg-6 single1\">\n<div class=\"single1-sz\">\n<div class=\"title1\">\n<p>Zaczep do przyczepy PRZ\u00d3D \/ TY\u0141<\/p>\n<\/div>\n<\/div>\n<\/div>\n<div class=\"col-6 col-sm-6 col-md-6 col-lg-6 single1\">\n<div class=\"single1-sz\">\n<div class=\"title1\">\n<p>Waga (kg) 980<\/p>\n<\/div>\n<\/div>\n<\/div>","protected":false},"featured_media":7802,"comment_status":"open","ping_status":"closed","template":"","meta":[],"product_brand":[90],"product_cat":[58],"product_tag":[],"class_list":{"0":"post-7800","1":"product","2":"type-product","3":"status-publish","4":"has-post-thumbnail","6":"product_brand-massey-ferguson","7":"product_cat-traktory","9":"first","10":"instock","11":"shipping-taxable","12":"purchasable","13":"product-type-simple"},"_links":{"self":[{"href":"https:\/\/plmaszyny.com\/en\/wp-json\/wp\/v2\/product\/7800","targetHints":{"allow":["GET"]}}],"collection":[{"href":"https:\/\/plmaszyny.com\/en\/wp-json\/wp\/v2\/product"}],"about":[{"href":"https:\/\/plmaszyny.com\/en\/wp-json\/wp\/v2\/types\/product"}],"replies":[{"embeddable":true,"href":"https:\/\/plmaszyny.com\/en\/wp-json\/wp\/v2\/comments?post=7800"}],"wp:featuredmedia":[{"embeddable":true,"href":"https:\/\/plmaszyny.com\/en\/wp-json\/wp\/v2\/media\/7802"}],"wp:attachment":[{"href":"https:\/\/plmaszyny.com\/en\/wp-json\/wp\/v2\/media?parent=7800"}],"wp:term":[{"taxonomy":"product_brand","embeddable":true,"href":"https:\/\/plmaszyny.com\/en\/wp-json\/wp\/v2\/product_brand?post=7800"},{"taxonomy":"product_cat","embeddable":true,"href":"https:\/\/plmaszyny.com\/en\/wp-json\/wp\/v2\/product_cat?post=7800"},{"taxonomy":"product_tag","embeddable":true,"href":"https:\/\/plmaszyny.com\/en\/wp-json\/wp\/v2\/product_tag?post=7800"}],"curies":[{"name":"wp","href":"https:\/\/api.w.org\/{rel}","templated":true}]}}