{"id":7808,"date":"2026-02-24T11:06:01","date_gmt":"2026-02-24T11:06:01","guid":{"rendered":"https:\/\/plmaszyny.com\/?post_type=product&#038;p=7808"},"modified":"2026-02-26T11:27:28","modified_gmt":"2026-02-26T11:27:28","slug":"solis-s-26-4x4-245-km-ind","status":"publish","type":"product","link":"https:\/\/plmaszyny.com\/en\/product\/solis-s-26-4x4-245-km-ind\/","title":{"rendered":"Solis S 26 4&#215;4 &#8211; 24,5 KM \/ IND"},"content":{"rendered":"<p>Solis S 26 4&#215;4 &#8211; 24,5 KM \/ IND<\/p>\n\n\n\n<h3 class=\"wp-block-heading\">Nowoczesna technologia nie tylko dla profesjonalist\u00f3w<\/h3>\n\n\n\n<h5 class=\"wp-block-heading\">Ci\u0105gnik&nbsp;traktorek ogrodowy Solis 26&nbsp;z nap\u0119dem 4&#215;4 o mocy 26 KM.<\/h5>\n\n\n\n<p>SPRAWD\u0179 DANE TECHNICZNE CI\u0104GNIKA W ZAK\u0141ADCE SPECYFIKACJA.<\/p>\n\n\n\n<h5 class=\"wp-block-heading\">\u00a0 \u00a0\u00a0Firma \u00a0jest najwi\u0119kszym importerem japo\u0144skich mini ci\u0105gnik\u00f3w. Ka\u017cdy ci\u0105gnik mo\u017cemy skonfigurowa\u0107 z dowolnym osprz\u0119tem wed\u0142ug indywidualnych potrzeb. S\u0142u\u017cymy profesjonaln\u0105 obs\u0142ug\u0105 techniczn\u0105, kt\u00f3ra stara si\u0119 sprosta\u0107 wymaganiom ka\u017cdego klienta. Zach\u0119camy r\u00f3wnie\u017c do sk\u0142adania zapyta\u0144 ofertowych, na kt\u00f3re ch\u0119tnie odpowiemy.<br><br>\u00a0\u00a0 Ka\u017cdy mini ci\u0105gnik przed wyjazdem do klienta przechodzi gruntowny oraz profesjonalny serwis techniczny, kt\u00f3ry polega na &#8211; wymianie filtr\u00f3w (paliwa, oleju, hydrauliki oraz powietrza), a tak\u017ce na wymianie p\u0142yn\u00f3w eksploatacyjnych. Podczas serwisu r\u00f3wnie\u017c usuwamy wykryte usterki i informujemy o nich przysz\u0142ego klienta.<br>Tak dok\u0142adny i profesjonalny serwis pozwala na u\u017cytkowanie ci\u0105gnika przez d\u0142ugie lata, bez wk\u0142adu finansowego.<br><br>\u00a0\u00a0 Na zakupiony sprz\u0119t udzielamy gwarancji. Jako jedni z nielicznych posiadamy sporo cz\u0119\u015bci oryginalnych oraz zamiennych, dzi\u0119ki kt\u00f3rym mo\u017cemy pom\u00f3c swoim klientom w serwisie. Oferujemy sprzeda\u017c rataln\u0105 oraz leasingow\u0105. Posiadamy r\u00f3wnie\u017c w\u0142asn\u0105 flot\u0119 transportow\u0105, dzi\u0119ki kt\u00f3rej dostarczamy sprz\u0119t do odleg\u0142ych zak\u0105tk\u00f3w Polski czy Europy.<br>\u00a0\u00a0<\/h5>\n\n\n\n<h5 class=\"wp-block-heading\">Dlaczego warto wybra\u0107 nasz\u0105 firm\u0119-\u00a0?<\/h5>\n\n\n\n<p>1.&nbsp;Szeroka wiedza techniczna i bran\u017cowe do\u015bwiadczenie-&nbsp;Posiadamy d\u0142ugoletnie do\u015bwiadczenie na rynku europejskim w sprzeda\u017cy mini ci\u0105gnik\u00f3w japo\u0144skich nowych i u\u017cywanych. S\u0142u\u017cymy profesjonaln\u0105 obs\u0142ug\u0105 klienta, kt\u00f3ra stara si\u0119 sprosta\u0107 wymaganiom ka\u017cdego nabywcy poprzez indywidualne podej\u015bcie. Konfigurujemy i dostosowujemy sprz\u0119t do ka\u017cdego rodzaju prac tj: od\u015bnie\u017canie, koszenie, prace polowe, le\u015bne, komunalne itp.<br>&nbsp;&nbsp; Oferujemy darmow\u0105 wycen\u0119 us\u0142ugi, kt\u00f3ra zawiera wszystkie \u015bwiadczone przez nas us\u0142ugi. W swojej ofercie posiadamy korzystny system ratalny oraz leasingowy.<br>Dbamy o zadowolenie naszych Klient\u00f3w, dlatego&nbsp;nasz\u0105 dewiz\u0105&nbsp;jest&nbsp;jako\u015b\u0107,&nbsp;solidno\u015b\u0107&nbsp;i przede wszystkim&nbsp;uczciwo\u015b\u0107 wobec klient\u00f3w. Wszystkie transakcje i zm\u00f3wienia przeprowadzamy sprawnie i szybko staraj\u0105c si\u0119 zawsze dostosowa\u0107 do wymaga\u0144 i oczekiwa\u0144 klienta.<br><br>2. Profesjonalny serwis gwarancyjny-&nbsp;Ka\u017cdy mini ci\u0105gnik przed wyjazdem do klienta przechodzi gruntowny oraz profesjonalny serwis techniczny, kt\u00f3ry polega na &#8211; wymianie filtr\u00f3w (paliwa, oleju, hydrauliki oraz powietrza), a tak\u017ce na wymianie p\u0142yn\u00f3w eksploatacyjnych. Podczas serwisu r\u00f3wnie\u017c usuwamy wykryte usterki i informujemy o nich przysz\u0142ego klienta. Tak dok\u0142adny i profesjonalny serwis pozwala na u\u017cytkowanie ci\u0105gnika przez d\u0142ugie lata, bez wk\u0142adu finansowego. Na ka\u017cdy zakupiony sprz\u0119t udzielamy gwarancji.<br><br>3. Indywidualny magazyn z cz\u0119\u015bciami-&nbsp;Jako jedni z nielicznych posiadamy ca\u0142y szereg cz\u0119\u015bci oryginalnych oraz zamiennych, dzi\u0119ki kt\u00f3rym mo\u017cemy pom\u00f3c swoim klientom w serwisie. Dzi\u0119ki nawi\u0105zanym sta\u0142ym kontaktom z dostawcami ci\u0105gle magazyn rozwijamy i powi\u0119kszamy rozszerzaj\u0105c w ten spos\u00f3b swoj\u0105 ofert\u0119 asortymentow\u0105.Oferowane przez nas cz\u0119\u015bci posiadaj\u0105 nie tylko gwarancj\u0119, lecz tak\u017ce konkurencyjne ceny.<br>&nbsp;&nbsp; Dzi\u0119ki wieloletnim kontaktom w Japonii jeste\u015bmy w stanie zapewni\u0107 wi\u0119kszo\u015b\u0107 cz\u0119\u015bci na indywidualne zam\u00f3wienie je\u015bli takowej nie posiadamy na miejscu.<br>Nasz\u0105 sprzeda\u017c prowadzimy r\u00f3wnie\u017c za po\u015brednictwem naszej strony internetowej oraz na miejscu w naszym magazynie. Paczki wysy\u0142amy starannie zapakowane za po\u015brednictwem kurier\u00f3w.&nbsp; Ceny wysy\u0142ek s\u0105 konkurencyjne ze wzgl\u0119du na podpisane umowy na wysy\u0142ki paczek<br><br>4. W\u0142asny transport towar\u00f3w-&nbsp;Posiadamy w\u0142asn\u0105 flot\u0119 nowoczesnych pojazd\u00f3w, kt\u00f3re prowadz\u0105 nasi do\u015bwiadczeni kierowcy. Dzi\u0119ki temu jeste\u015bmy w stanie zapewni\u0107 terminowy przew\u00f3z towar\u00f3w oraz zagwarantowa\u0107 ich bezpiecze\u0144stwo w trakcie przewozu zar\u00f3wno na trasach krajowych, jak i mi\u0119dzynarodowych. Gwarantujemy najlepsze ceny aby zrealizowa\u0107 us\u0142ug\u0119 w najbardziej korzystny spos\u00f3b.<br><br>5. Stawiamy na rzetelno\u015b\u0107 i profesjonalizm-&nbsp; Nasi pracownicy s\u0105 do dyspozycji Naszych Klient\u00f3w na ka\u017cdym z etap\u00f3w realizacji us\u0142ugi. Ka\u017cdym Klientem zajmujemy si\u0119 z nale\u017cyt\u0105 rzetelno\u015bci\u0105 i profesjonalizmem. Wszyscy Klienci s\u0105 dla nas wa\u017cni, gdy\u017c razem z nimi budujemy sw\u00f3j biznes. Stawiamy na nieustanne zdobywanie wiedzy i podnoszenie kwalifikacji na ka\u017cdym poziomie naszej firmy. Jeste\u015bmy dumni, i\u017c mimo d\u0142ugiego do\u015bwiadczenia wci\u0105\u017c z niegasn\u0105c\u0105 pasj\u0105 uczymy si\u0119 i poznajemy rynek oraz naszych Klient\u00f3w. Uwa\u017camy, i\u017c w naszej bran\u017cy do\u015bwiadczenie zdobyte na rynku oraz podczas pracy z klientem s\u0105 ze sob\u0105 nierozerwalnie zwi\u0105zane.<\/p>\n\n\n\n<h4 class=\"wp-block-heading\">Specyfikacja<\/h4>\n\n\n\n<p>Stan<\/p>\n\n\n\n<p>Nowy<\/p>\n\n\n\n<p>Rok produkcji<\/p>\n\n\n\n<p>2020 r<\/p>\n\n\n\n<p>Kolor<\/p>\n\n\n\n<p>Niebieski<\/p>\n\n\n\n<p>Przebieg (motogodziny\/Mth)<\/p>\n\n\n\n<p>3 Mth<\/p>\n\n\n\n<p>Silnik<\/p>\n\n\n\n<p>3 cylindrowy silnik DIESLA Mitsubishi ch\u0142odzony ciecz\u0105<\/p>\n\n\n\n<p>Moc (KM\/HP)<\/p>\n\n\n\n<p>24.5<\/p>\n\n\n\n<p>Nap\u0119d<\/p>\n\n\n\n<p>4&#215;4 4WD<\/p>\n\n\n\n<p>Liczba bieg\u00f3w prz\u00f3d \/ ty\u0142<\/p>\n\n\n\n<p>6 \/ 2<\/p>\n\n\n\n<p>Wspomaganie kierownicy<\/p>\n\n\n\n<p>TAK<\/p>\n\n\n\n<p>WOM \/ PTO<\/p>\n\n\n\n<p>2 pr\u0119dko\u015bci<\/p>\n\n\n\n<p>TUZ<\/p>\n\n\n\n<p>3 &#8211; punktowy<\/p>\n\n\n\n<p>Zaczep do przyczepy<\/p>\n\n\n\n<p>TAK<\/p>\n\n\n\n<p>Typ opon (y)<\/p>\n\n\n\n<p>Budowlane<\/p>\n\n\n\n<p>D\u0142ugo\u015b\u0107 \/ szeroko\u015b\u0107 \/ wysoko\u015b\u0107 do kierownicy (mm)<\/p>\n\n\n\n<p>270 \/ 105 \/ 130 cm<\/p>\n\n\n\n<p>Rozstaw osi (mm)<\/p>\n\n\n\n<p>156 cm<\/p>\n\n\n\n<p>Rozmiar opon prz\u00f3d \/ ty\u0142<\/p>\n\n\n\n<p>23&#215;8,50-12 \/ 33&#215;15,5-165<\/p>","protected":false},"excerpt":{"rendered":"<div class=\"col-12 col-lg-4 page-product4-desc-single1\">\n<div class=\"title2\">\n<div class=\"col-12 col-sm-6 poj1\">Stan Nowy<\/div>\n<div class=\"col-12 col-sm-6 poj1 pojc\">Rok produkcji 2020 r<\/div>\n<div class=\"col-12 col-sm-6 poj1\">Kolor Niebieski<\/div>\n<div class=\"col-12 col-sm-6 poj1 pojc\">Przebieg (motogodziny\/Mth) 3 Mth<\/div>\n<div class=\"col-12 col-sm-6 poj1\">Silnik 3 cylindrowy silnik DIESLA Mitsubishi ch\u0142odzony ciecz\u0105<\/div>\n<div class=\"col-12 col-sm-6 poj1 pojc\">Moc (KM\/HP) 24.5<\/div>\n<div class=\"col-12 col-sm-6 poj1\">Nap\u0119d 4&#215;4 4WD<\/div>\n<\/div>\n<\/div>","protected":false},"featured_media":7812,"comment_status":"open","ping_status":"closed","template":"","meta":[],"product_brand":[92],"product_cat":[58],"product_tag":[],"class_list":{"0":"post-7808","1":"product","2":"type-product","3":"status-publish","4":"has-post-thumbnail","6":"product_brand-solis","7":"product_cat-traktory","9":"first","10":"instock","11":"shipping-taxable","12":"purchasable","13":"product-type-simple"},"_links":{"self":[{"href":"https:\/\/plmaszyny.com\/en\/wp-json\/wp\/v2\/product\/7808","targetHints":{"allow":["GET"]}}],"collection":[{"href":"https:\/\/plmaszyny.com\/en\/wp-json\/wp\/v2\/product"}],"about":[{"href":"https:\/\/plmaszyny.com\/en\/wp-json\/wp\/v2\/types\/product"}],"replies":[{"embeddable":true,"href":"https:\/\/plmaszyny.com\/en\/wp-json\/wp\/v2\/comments?post=7808"}],"wp:featuredmedia":[{"embeddable":true,"href":"https:\/\/plmaszyny.com\/en\/wp-json\/wp\/v2\/media\/7812"}],"wp:attachment":[{"href":"https:\/\/plmaszyny.com\/en\/wp-json\/wp\/v2\/media?parent=7808"}],"wp:term":[{"taxonomy":"product_brand","embeddable":true,"href":"https:\/\/plmaszyny.com\/en\/wp-json\/wp\/v2\/product_brand?post=7808"},{"taxonomy":"product_cat","embeddable":true,"href":"https:\/\/plmaszyny.com\/en\/wp-json\/wp\/v2\/product_cat?post=7808"},{"taxonomy":"product_tag","embeddable":true,"href":"https:\/\/plmaszyny.com\/en\/wp-json\/wp\/v2\/product_tag?post=7808"}],"curies":[{"name":"wp","href":"https:\/\/api.w.org\/{rel}","templated":true}]}}