{"id":7813,"date":"2026-02-24T11:12:36","date_gmt":"2026-02-24T11:12:36","guid":{"rendered":"https:\/\/plmaszyny.com\/?post_type=product&#038;p=7813"},"modified":"2026-02-26T10:06:02","modified_gmt":"2026-02-26T10:06:02","slug":"solis-20-4x4-18-km","status":"publish","type":"product","link":"https:\/\/plmaszyny.com\/en\/product\/solis-20-4x4-18-km\/","title":{"rendered":"Solis 20 4&#215;4 &#8211; 18 KM"},"content":{"rendered":"<p>Solis 20 4&#215;4 &#8211; 18 KM<\/p>\n\n\n\n<h2 class=\"wp-block-heading\"><strong>Solis znaczy s\u0142o\u0144ce<\/strong><\/h2>\n\n\n\n<p><strong>ITL<\/strong>&nbsp;(Internationale Tractor Limited) producent ci\u0105gnik\u00f3w marki&nbsp;<strong>SOLIS<\/strong>&nbsp;to jeden z najbardziej licz\u0105cych si\u0119 producent\u00f3w sprz\u0119tu rolniczego w Indiach.&nbsp;<strong>Firma za\u0142o\u017cona w 1995 roku<\/strong>&nbsp;szybko zdoby\u0142a du\u017c\u0105 cz\u0119\u015b\u0107 lokalnego rynku (oko\u0142o 14%), by bo ponad 20 latach sta\u0107 si\u0119 jednym z czo\u0142owych indyjskich eksporter\u00f3w mini ci\u0105gnik\u00f3w i mini traktor\u00f3w.&nbsp;<strong>300 000 sprzedawanych ci\u0105gnik\u00f3w rocznie<\/strong>, ponad&nbsp;<strong>5000 pracownik\u00f3w<\/strong>&nbsp;i oko\u0142o 1800 dealer\u00f3w na ca\u0142ym \u015bwiecie, wszystko to po to by oferowa\u0107 klientom&nbsp;<strong>najlepsze ci\u0105gniki<\/strong>&nbsp;i mini traktory o r\u00f3\u017cnej mocy (od 20 do 120 KM), i poznaczone do r\u00f3\u017cnych zada\u0144. Sama nazwa traktor\u00f3w&nbsp;<strong>SOLIS<\/strong>&nbsp;pochodzi od \u0142aci\u0144skiego s\u0142owa Solis co oznacza s\u0142o\u0144ce co w po\u0142\u0105czeniu z&nbsp;niebieskim&nbsp;kolorem (kt\u00f3ry kojarzy si\u0119 ze stabilno\u015bci\u0105), maszyn&nbsp;\u015bwietnie&nbsp;komponuje si\u0119&nbsp;wizje firmy i kierunek w kt\u00f3rym pod\u0105\u017ca od samego pocz\u0105tku.<\/p>\n\n\n\n<h3 class=\"wp-block-heading\">Nowoczesna technologia nie tylko dla profesjonalist\u00f3w<\/h3>\n\n\n\n<h5 class=\"wp-block-heading\">Ci\u0105gnik&nbsp;traktorek ogrodowy Solis 20 z nap\u0119dem 4&#215;4 o mocy 18,2 KM.<\/h5>\n\n\n\n<h4 class=\"wp-block-heading\">Specyfikacja<\/h4>\n\n\n\n<p>Stan<\/p>\n\n\n\n<p>Nowy<\/p>\n\n\n\n<p>Kolor<\/p>\n\n\n\n<p>Niebieski<\/p>\n\n\n\n<p>Przebieg (motogodziny\/Mth)<\/p>\n\n\n\n<p>2<\/p>\n\n\n\n<p>Silnik<\/p>\n\n\n\n<p>3 &#8211; cylindrowy diesel ch\u0142odzony ciecz\u0105<\/p>\n\n\n\n<p>Moc (KM\/HP)<\/p>\n\n\n\n<p>18<\/p>\n\n\n\n<p>Nap\u0119d<\/p>\n\n\n\n<p>4&#215;4 4WD<\/p>\n\n\n\n<p>Liczba bieg\u00f3w prz\u00f3d \/ ty\u0142<\/p>\n\n\n\n<p>6 \/ 2<\/p>\n\n\n\n<p>Wspomaganie kierownicy<\/p>\n\n\n\n<p>TAK<\/p>\n\n\n\n<p>WOM \/ PTO<\/p>\n\n\n\n<p>2 pr\u0119dko\u015bci<\/p>\n\n\n\n<p>TUZ<\/p>\n\n\n\n<p>3 &#8211; punktowy<\/p>\n\n\n\n<p>Zaczep do przyczepy<\/p>\n\n\n\n<p>TAK<\/p>\n\n\n\n<p>Typ opon (y)<\/p>\n\n\n\n<p>Rolnicze<\/p>\n\n\n\n<p>D\u0142ugo\u015b\u0107 \/ Szeroko\u015b\u0107 \/ Wysoko\u015b\u0107 (mm)<\/p>\n\n\n\n<p>2310 \/ 950 \/ 1300<\/p>\n\n\n\n<p>Rozstaw osi (mm)<\/p>\n\n\n\n<p>1420<\/p>\n\n\n\n<p>Rozmiar opon prz\u00f3d \/ ty\u0142<\/p>\n\n\n\n<p>6-12 \/ 8.3-20<\/p>\n\n\n\n<p>Waga (kg)<\/p>\n\n\n\n<p>970<\/p>\n\n\n\n<p><\/p>","protected":false},"excerpt":{"rendered":"<div class=\"col-12 col-lg-4 page-product4-desc-single1\">\n<div class=\"title2\">\n<div class=\"col-12 col-lg-4 page-product4-about-single1 logo-brand\">\n<p><a href=\"https:\/\/traktor.com.pl\/pl\/marki\/28-solis\">Solis<\/a><\/p>\n<\/div>\n<div class=\"col-12 col-lg-8 page-product4-about-single2\">\n<p><strong>ITL (Internationale Tractor Limited)<\/strong>\u00a0producent ci\u0105gnik\u00f3w marki\u00a0<strong>SOLIS<\/strong>\u00a0to jeden z najbardziej licz\u0105cych si\u0119 producent\u00f3w sprz\u0119tu rolniczego w Indiach. Firma za\u0142o\u017cona w 1995 roku szybko zdoby\u0142a du\u017c\u0105 cz\u0119\u015b\u0107 lokalnego rynku (oko\u0142o 14%), by bo ponad 20 latach sta\u0107 si\u0119 jednym z czo\u0142owych indyjskich eksporter\u00f3w mini ci\u0105gnik\u00f3w i mini traktor\u00f3w.<\/p>\n<\/div>\n<\/div>\n<\/div>","protected":false},"featured_media":7812,"comment_status":"open","ping_status":"closed","template":"","meta":[],"product_brand":[92],"product_cat":[58],"product_tag":[],"class_list":{"0":"post-7813","1":"product","2":"type-product","3":"status-publish","4":"has-post-thumbnail","6":"product_brand-solis","7":"product_cat-traktory","9":"first","10":"instock","11":"shipping-taxable","12":"purchasable","13":"product-type-simple"},"_links":{"self":[{"href":"https:\/\/plmaszyny.com\/en\/wp-json\/wp\/v2\/product\/7813","targetHints":{"allow":["GET"]}}],"collection":[{"href":"https:\/\/plmaszyny.com\/en\/wp-json\/wp\/v2\/product"}],"about":[{"href":"https:\/\/plmaszyny.com\/en\/wp-json\/wp\/v2\/types\/product"}],"replies":[{"embeddable":true,"href":"https:\/\/plmaszyny.com\/en\/wp-json\/wp\/v2\/comments?post=7813"}],"wp:featuredmedia":[{"embeddable":true,"href":"https:\/\/plmaszyny.com\/en\/wp-json\/wp\/v2\/media\/7812"}],"wp:attachment":[{"href":"https:\/\/plmaszyny.com\/en\/wp-json\/wp\/v2\/media?parent=7813"}],"wp:term":[{"taxonomy":"product_brand","embeddable":true,"href":"https:\/\/plmaszyny.com\/en\/wp-json\/wp\/v2\/product_brand?post=7813"},{"taxonomy":"product_cat","embeddable":true,"href":"https:\/\/plmaszyny.com\/en\/wp-json\/wp\/v2\/product_cat?post=7813"},{"taxonomy":"product_tag","embeddable":true,"href":"https:\/\/plmaszyny.com\/en\/wp-json\/wp\/v2\/product_tag?post=7813"}],"curies":[{"name":"wp","href":"https:\/\/api.w.org\/{rel}","templated":true}]}}