{"id":7814,"date":"2026-02-24T11:22:11","date_gmt":"2026-02-24T11:22:11","guid":{"rendered":"https:\/\/plmaszyny.com\/?post_type=product&#038;p=7814"},"modified":"2026-02-26T11:26:52","modified_gmt":"2026-02-26T11:26:52","slug":"iseki-rts-22c-4x4-21-6km","status":"publish","type":"product","link":"https:\/\/plmaszyny.com\/en\/product\/iseki-rts-22c-4x4-21-6km\/","title":{"rendered":"Iseki RTS 22C 4&#215;4 &#8211; 21.6KM"},"content":{"rendered":"<p>Zale\u017cy nam na dobrej jako\u015bci i sprawnej maszynie za mniejsze pieni\u0105dze, dlaczego wi\u0119c nie zdecydowa\u0107 si\u0119 na&nbsp;<strong>zakup traktora u\u017cywanego<\/strong>? Bardzo ciekawy model&nbsp;<strong>Iseki RTS 22<\/strong>, o mocy&nbsp;21.6 KM, posiada&nbsp;3 cylindrowy silnik diesel oraz manualn\u0105 skrzyni\u0119 bieg\u00f3w. To ci\u0105gnik produkowany w latach 2016 &#8211; 2023, wi\u0119c&nbsp;oferuj\u0105cy ju\u017c nowe technologie. Bardzo ciekawym rozwi\u0105zaniem jest wyposa\u017cenie ci\u0105gnika w g\u0105sienice &#8211; kt\u00f3re pozwalaj\u0105 na o wiele wi\u0119ksz\u0105 stabilno\u015b\u0107 ci\u0105gnika na grz\u0105skim terenie. Szeroko\u015b\u0107 g\u0105sienicy to 33.5 cm.<\/p>\n\n\n\n<p><strong>Ci\u0105gnik<\/strong>&nbsp;jest w bardzo dobrym stanie technicznym oraz wizualnym. Posiada niewielkie \u015blady u\u017cytkowania, wszelkie zu\u017cyte elementy zosta\u0142y wymienione. Traktor przeszed\u0142 gruntowny serwis techniczny, kt\u00f3ry polega na &#8211; wymianie filtr\u00f3w (paliwa, oleju, hydrauliki oraz powietrza), a tak\u017ce na wymianie p\u0142yn\u00f3w eksploatacyjnych.<\/p>\n\n\n\n<p><strong>Na zakupiony sprz\u0119t udzielamy gwarancji.<\/strong><\/p>\n\n\n\n<h4 class=\"wp-block-heading\">Specyfikacja<\/h4>\n\n\n\n<p>Stan U\u017cywany<\/p>\n\n\n\n<p>Marka Iseki<\/p>\n\n\n\n<p>Przebieg (motogodziny\/Mth) 364<\/p>\n\n\n\n<p>Silnik 3 &#8211; cylindrowy diesel ch\u0142odzony ciecz\u0105<\/p>\n\n\n\n<p>Model silnika Iseki E3112<\/p>\n\n\n\n<p>Moc (KM\/HP) 21.6 Moc (kW) 16.1<\/p>\n\n\n\n<p>Znamionowa pr\u0119dko\u015b\u0107 obrotowa silnika (obr\/min) 2500<\/p>\n\n\n\n<p>Nap\u0119d G\u0105sienicowy<\/p>\n\n\n\n<p>Rewers TAK<\/p>\n\n\n\n<p>Wspomaganie kierownicy TAK<\/p>\n\n\n\n<p>WOM \/ PTO<\/p>\n\n\n\n<p>3 pr\u0119dko\u015bci<br>540 (rpm)<\/p>\n\n\n\n<p>Rozmiar opon prz\u00f3d \/ ty\u0142<\/p>\n\n\n\n<p>6-14 \/ &#8211;<\/p>\n\n\n\n<p>Hamulce<\/p>\n\n\n\n<p>Mokre<\/p>\n\n\n\n<p>Szeroko\u015b\u0107 ca\u0142kowita z oponami (mm)<\/p>\n\n\n\n<p>1290<\/p>\n\n\n\n<p>Wyposa\u017cenie ci\u0105gnika<\/p>\n\n\n\n<p>Pa\u0142\u0105k bezpiecze\u0144stwa (ROPS)Stan<\/p>\n\n\n\n<p>U\u017cywane<\/p>","protected":false},"excerpt":{"rendered":"<div class=\"col-12 col-lg-4 page-product4-desc-single1\">\n<div class=\"title2\">\n<div class=\"col-12 col-lg-4 page-product4-desc-single1\">\n<div class=\"title2\">\n<p>Iseki RTS 22C 4&#215;4 &#8211; 21.6KM<\/p>\n<\/div>\n<\/div>\n<div class=\"col-12 col-lg-8 page-product4-desc-single2\">\n<p>Je\u015bli szukasz bardzo ciekawego modelu\u00a0<strong>traktora<\/strong>, znanej i cenionej na ca\u0142ym \u015bwiecie marki\u00a0<strong>Iseki<\/strong>, marzysz o kompaktowym traktorku z 22 KM pod mask\u0105 to ten model jest zdecydowanie wart Twojej uwagi!<\/p>\n<p><strong>Zakup traktora<\/strong>\u00a0to wa\u017cna decyzja. Na rynku wyst\u0119puje wiele modeli nowych ci\u0105gnik\u00f3w, ale niekiedy nasz bud\u017cet jest ograniczony.<\/p>\n<\/div>\n<\/div>\n<\/div>","protected":false},"featured_media":7818,"comment_status":"open","ping_status":"closed","template":"","meta":[],"product_brand":[86],"product_cat":[58],"product_tag":[],"class_list":{"0":"post-7814","1":"product","2":"type-product","3":"status-publish","4":"has-post-thumbnail","6":"product_brand-iseki","7":"product_cat-traktory","9":"first","10":"instock","11":"shipping-taxable","12":"purchasable","13":"product-type-simple"},"_links":{"self":[{"href":"https:\/\/plmaszyny.com\/en\/wp-json\/wp\/v2\/product\/7814","targetHints":{"allow":["GET"]}}],"collection":[{"href":"https:\/\/plmaszyny.com\/en\/wp-json\/wp\/v2\/product"}],"about":[{"href":"https:\/\/plmaszyny.com\/en\/wp-json\/wp\/v2\/types\/product"}],"replies":[{"embeddable":true,"href":"https:\/\/plmaszyny.com\/en\/wp-json\/wp\/v2\/comments?post=7814"}],"wp:featuredmedia":[{"embeddable":true,"href":"https:\/\/plmaszyny.com\/en\/wp-json\/wp\/v2\/media\/7818"}],"wp:attachment":[{"href":"https:\/\/plmaszyny.com\/en\/wp-json\/wp\/v2\/media?parent=7814"}],"wp:term":[{"taxonomy":"product_brand","embeddable":true,"href":"https:\/\/plmaszyny.com\/en\/wp-json\/wp\/v2\/product_brand?post=7814"},{"taxonomy":"product_cat","embeddable":true,"href":"https:\/\/plmaszyny.com\/en\/wp-json\/wp\/v2\/product_cat?post=7814"},{"taxonomy":"product_tag","embeddable":true,"href":"https:\/\/plmaszyny.com\/en\/wp-json\/wp\/v2\/product_tag?post=7814"}],"curies":[{"name":"wp","href":"https:\/\/api.w.org\/{rel}","templated":true}]}}